{"id":3647,"date":"2022-06-05T12:40:40","date_gmt":"2022-06-05T15:40:40","guid":{"rendered":"https:\/\/brclog.com.br\/?page_id=3647"},"modified":"2025-05-03T09:35:01","modified_gmt":"2025-05-03T12:35:01","slug":"certificacoes-pernambuco","status":"publish","type":"page","link":"https:\/\/brclog.com.br\/en\/certificacoes-pernambuco\/","title":{"rendered":"CERTIFICA\u00c7\u00d5ES PERNAMBUCO"},"content":{"rendered":"<div class=\"vc_row wpb_row vc_row-fluid vc_custom_1561660599223\"><div class=\"container\"><div class=\"row\"><div class=\"wpb_column vc_column_container vc_col-sm-12\"><div class=\"vc_column-inner\"><div class=\"wpb_wrapper\"><div  class=\"vc_wp_text wpb_content_element\"><div class=\"widget widget_text\">\t\t\t<div class=\"textwidget\"><\/p>\n<h4>We fully comply with all standards, licenses and resolutions, including ANVISA operating authorization, municipal health license, technical regularity certificates, among others. See below:<\/h4>\n<p>\n<\/div>\n\t\t<\/div><\/div><\/div><\/div><\/div><\/div><\/div><\/div><div class=\"vc_row wpb_row vc_row-fluid\"><div class=\"container\"><div class=\"row\"><div class=\"wpb_column vc_column_container vc_col-sm-4\"><div class=\"vc_column-inner vc_custom_1682786368467\"><div class=\"wpb_wrapper\">\n\t<div  class=\"wpb_single_image wpb_content_element vc_align_center  vc_custom_1746275613302\">\n\t\t\n\t\t<figure class=\"wpb_wrapper vc_figure\">\n\t\t\t<div class=\"vc_single_image-wrapper   vc_box_border_grey\"><img width=\"120\" height=\"84\" src=\"https:\/\/brclog.com.br\/wp-content\/uploads\/2022\/06\/vigilancia.jpeg\" class=\"vc_single_image-img attachment-full\" alt=\"\" loading=\"lazy\" srcset=\"https:\/\/brclog.com.br\/wp-content\/uploads\/2022\/06\/vigilancia.jpeg 120w, https:\/\/brclog.com.br\/wp-content\/uploads\/2022\/06\/vigilancia-18x12.jpeg 18w\" sizes=\"(max-width: 120px) 100vw, 120px\" \/><\/div>\n\t\t<\/figure>\n\t<\/div>\n<\/div><\/div><\/div><div class=\"wpb_column vc_column_container vc_col-sm-4\"><div class=\"vc_column-inner\"><div class=\"wpb_wrapper\">\n\t<div  class=\"wpb_single_image wpb_content_element vc_align_center  vc_custom_1746275622888\">\n\t\t\n\t\t<figure class=\"wpb_wrapper vc_figure\">\n\t\t\t<div class=\"vc_single_image-wrapper   vc_box_border_grey\"><img width=\"150\" height=\"150\" src=\"https:\/\/brclog.com.br\/wp-content\/uploads\/2019\/08\/logo-anvisa.jpg\" class=\"vc_single_image-img attachment-full\" alt=\"\" loading=\"lazy\" srcset=\"https:\/\/brclog.com.br\/wp-content\/uploads\/2019\/08\/logo-anvisa.jpg 150w, https:\/\/brclog.com.br\/wp-content\/uploads\/2019\/08\/logo-anvisa-75x75.jpg 75w, https:\/\/brclog.com.br\/wp-content\/uploads\/2019\/08\/logo-anvisa-80x80.jpg 80w\" sizes=\"(max-width: 150px) 100vw, 150px\" \/><\/div>\n\t\t<\/figure>\n\t<\/div>\n<\/div><\/div><\/div><div class=\"wpb_column vc_column_container vc_col-sm-4\"><div class=\"vc_column-inner\"><div class=\"wpb_wrapper\">\n\t<div  class=\"wpb_single_image wpb_content_element vc_align_center  vc_custom_1746275631678\">\n\t\t\n\t\t<figure class=\"wpb_wrapper vc_figure\">\n\t\t\t<div class=\"vc_single_image-wrapper   vc_box_border_grey\"><img width=\"150\" height=\"150\" src=\"https:\/\/brclog.com.br\/wp-content\/uploads\/2022\/06\/bombeiros-1.png\" class=\"vc_single_image-img attachment-full\" alt=\"\" loading=\"lazy\" srcset=\"https:\/\/brclog.com.br\/wp-content\/uploads\/2022\/06\/bombeiros-1.png 150w, https:\/\/brclog.com.br\/wp-content\/uploads\/2022\/06\/bombeiros-1-12x12.png 12w, https:\/\/brclog.com.br\/wp-content\/uploads\/2022\/06\/bombeiros-1-75x75.png 75w, https:\/\/brclog.com.br\/wp-content\/uploads\/2022\/06\/bombeiros-1-80x80.png 80w\" sizes=\"(max-width: 150px) 100vw, 150px\" \/><\/div>\n\t\t<\/figure>\n\t<\/div>\n<\/div><\/div><\/div><\/div><\/div><\/div><div class=\"vc_row wpb_row vc_row-fluid\"><div class=\"container\"><div class=\"row\"><div class=\"wpb_column vc_column_container vc_col-sm-4\"><div class=\"vc_column-inner\"><div class=\"wpb_wrapper\">\n\t<div  class=\"wpb_single_image wpb_content_element vc_align_center  vc_custom_1746275641529\">\n\t\t\n\t\t<figure class=\"wpb_wrapper vc_figure\">\n\t\t\t<div class=\"vc_single_image-wrapper   vc_box_border_grey\"><img width=\"150\" height=\"76\" src=\"https:\/\/brclog.com.br\/wp-content\/uploads\/2020\/09\/logo-antt.png\" class=\"vc_single_image-img attachment-full\" alt=\"\" loading=\"lazy\" \/><\/div>\n\t\t<\/figure>\n\t<\/div>\n<\/div><\/div><\/div><div class=\"wpb_column vc_column_container vc_col-sm-4\"><div class=\"vc_column-inner\"><div class=\"wpb_wrapper\">\n\t<div  class=\"wpb_single_image wpb_content_element vc_align_center  vc_custom_1746275666309\">\n\t\t\n\t\t<figure class=\"wpb_wrapper vc_figure\">\n\t\t\t<div class=\"vc_single_image-wrapper   vc_box_border_grey\"><img width=\"150\" height=\"150\" src=\"https:\/\/brclog.com.br\/wp-content\/uploads\/2022\/06\/crf-2.png\" class=\"vc_single_image-img attachment-thumbnail\" alt=\"\" loading=\"lazy\" srcset=\"https:\/\/brclog.com.br\/wp-content\/uploads\/2022\/06\/crf-2.png 150w, https:\/\/brclog.com.br\/wp-content\/uploads\/2022\/06\/crf-2-12x12.png 12w, https:\/\/brclog.com.br\/wp-content\/uploads\/2022\/06\/crf-2-75x75.png 75w, https:\/\/brclog.com.br\/wp-content\/uploads\/2022\/06\/crf-2-80x80.png 80w\" sizes=\"(max-width: 150px) 100vw, 150px\" \/><\/div>\n\t\t<\/figure>\n\t<\/div>\n<\/div><\/div><\/div><div class=\"wpb_column vc_column_container vc_col-sm-4\"><div class=\"vc_column-inner\"><div class=\"wpb_wrapper\">\n\t<div  class=\"wpb_single_image wpb_content_element vc_align_center  vc_custom_1746275676883\">\n\t\t\n\t\t<figure class=\"wpb_wrapper vc_figure\">\n\t\t\t<div class=\"vc_single_image-wrapper   vc_box_border_grey\"><img width=\"150\" height=\"150\" src=\"https:\/\/brclog.com.br\/wp-content\/uploads\/2021\/04\/iso9001_brc-1-150x150.png\" class=\"vc_single_image-img attachment-thumbnail\" alt=\"\" loading=\"lazy\" srcset=\"https:\/\/brclog.com.br\/wp-content\/uploads\/2021\/04\/iso9001_brc-1-150x150.png 150w, https:\/\/brclog.com.br\/wp-content\/uploads\/2021\/04\/iso9001_brc-1-300x300.png 300w, https:\/\/brclog.com.br\/wp-content\/uploads\/2021\/04\/iso9001_brc-1-75x75.png 75w, https:\/\/brclog.com.br\/wp-content\/uploads\/2021\/04\/iso9001_brc-1-80x80.png 80w, https:\/\/brclog.com.br\/wp-content\/uploads\/2021\/04\/iso9001_brc-1-e1619637908603.png 208w\" sizes=\"(max-width: 150px) 100vw, 150px\" \/><\/div>\n\t\t<\/figure>\n\t<\/div>\n<\/div><\/div><\/div><\/div><\/div><\/div><div class=\"vc_row wpb_row vc_row-fluid\"><div class=\"container\"><div class=\"row\"><div class=\"wpb_column vc_column_container vc_col-sm-4\"><div class=\"vc_column-inner\"><div class=\"wpb_wrapper\">\n\t<div  class=\"wpb_single_image wpb_content_element vc_align_center  vc_custom_1746275686470\">\n\t\t\n\t\t<figure class=\"wpb_wrapper vc_figure\">\n\t\t\t<div class=\"vc_single_image-wrapper   vc_box_border_grey\"><img width=\"150\" height=\"150\" src=\"https:\/\/brclog.com.br\/wp-content\/uploads\/2022\/06\/prefeitura-150x150.jpg\" class=\"vc_single_image-img attachment-thumbnail\" alt=\"\" loading=\"lazy\" srcset=\"https:\/\/brclog.com.br\/wp-content\/uploads\/2022\/06\/prefeitura-150x150.jpg 150w, https:\/\/brclog.com.br\/wp-content\/uploads\/2022\/06\/prefeitura-12x12.jpg 12w, https:\/\/brclog.com.br\/wp-content\/uploads\/2022\/06\/prefeitura-75x75.jpg 75w, https:\/\/brclog.com.br\/wp-content\/uploads\/2022\/06\/prefeitura-80x80.jpg 80w, https:\/\/brclog.com.br\/wp-content\/uploads\/2022\/06\/prefeitura.jpg 225w\" sizes=\"(max-width: 150px) 100vw, 150px\" \/><\/div>\n\t\t<\/figure>\n\t<\/div>\n<\/div><\/div><\/div><div class=\"wpb_column vc_column_container vc_col-sm-4\"><div class=\"vc_column-inner\"><div class=\"wpb_wrapper\">\n\t<div  class=\"wpb_single_image wpb_content_element vc_align_center  vc_custom_1746275695291\">\n\t\t\n\t\t<figure class=\"wpb_wrapper vc_figure\">\n\t\t\t<div class=\"vc_single_image-wrapper   vc_box_border_grey\"><img width=\"150\" height=\"150\" src=\"https:\/\/brclog.com.br\/wp-content\/uploads\/2022\/06\/logo_meio_ambiente_PE_2-150x150.jpg\" class=\"vc_single_image-img attachment-thumbnail\" alt=\"\" loading=\"lazy\" srcset=\"https:\/\/brclog.com.br\/wp-content\/uploads\/2022\/06\/logo_meio_ambiente_PE_2-150x150.jpg 150w, https:\/\/brclog.com.br\/wp-content\/uploads\/2022\/06\/logo_meio_ambiente_PE_2-12x12.jpg 12w, https:\/\/brclog.com.br\/wp-content\/uploads\/2022\/06\/logo_meio_ambiente_PE_2-75x75.jpg 75w, https:\/\/brclog.com.br\/wp-content\/uploads\/2022\/06\/logo_meio_ambiente_PE_2-80x80.jpg 80w\" sizes=\"(max-width: 150px) 100vw, 150px\" \/><\/div>\n\t\t<\/figure>\n\t<\/div>\n<\/div><\/div><\/div><div class=\"wpb_column vc_column_container vc_col-sm-4\"><div class=\"vc_column-inner\"><div class=\"wpb_wrapper\"><\/div><\/div><\/div><\/div><\/div><\/div>","protected":false},"excerpt":{"rendered":"Atendemos integralmente todas as normas, licen\u00e7as e resolu\u00e7\u00f5es, incluindo autoriza\u00e7\u00e3o de funcionamento ANVISA,&hellip;","protected":false},"author":3,"featured_media":0,"parent":0,"menu_order":0,"comment_status":"closed","ping_status":"closed","template":"","meta":[],"_links":{"self":[{"href":"https:\/\/brclog.com.br\/en\/wp-json\/wp\/v2\/pages\/3647"}],"collection":[{"href":"https:\/\/brclog.com.br\/en\/wp-json\/wp\/v2\/pages"}],"about":[{"href":"https:\/\/brclog.com.br\/en\/wp-json\/wp\/v2\/types\/page"}],"author":[{"embeddable":true,"href":"https:\/\/brclog.com.br\/en\/wp-json\/wp\/v2\/users\/3"}],"replies":[{"embeddable":true,"href":"https:\/\/brclog.com.br\/en\/wp-json\/wp\/v2\/comments?post=3647"}],"version-history":[{"count":22,"href":"https:\/\/brclog.com.br\/en\/wp-json\/wp\/v2\/pages\/3647\/revisions"}],"predecessor-version":[{"id":3881,"href":"https:\/\/brclog.com.br\/en\/wp-json\/wp\/v2\/pages\/3647\/revisions\/3881"}],"wp:attachment":[{"href":"https:\/\/brclog.com.br\/en\/wp-json\/wp\/v2\/media?parent=3647"}],"curies":[{"name":"wp","href":"https:\/\/api.w.org\/{rel}","templated":true}]}}