{"id":2853,"date":"2020-02-05T17:33:53","date_gmt":"2020-02-05T20:33:53","guid":{"rendered":"https:\/\/brclog.com.br\/?page_id=2853"},"modified":"2020-09-16T22:10:30","modified_gmt":"2020-09-17T01:10:30","slug":"produtos-registrados","status":"publish","type":"page","link":"https:\/\/brclog.com.br\/en\/produtos-registrados\/","title":{"rendered":"Registered Products"},"content":{"rendered":"<div class=\"vc_row wpb_row vc_row-fluid vc_custom_1561660599223\"><div class=\"container\"><div class=\"row\"><div class=\"wpb_column vc_column_container vc_col-sm-12\"><div class=\"vc_column-inner\"><div class=\"wpb_wrapper\"><div  class=\"vc_wp_text wpb_content_element\"><div class=\"widget widget_text\">\t\t\t<div class=\"textwidget\"><\/p>\n<h4>See instructions for use:<\/h4>\n<p>\n<\/div>\n\t\t<\/div><\/div><div  class=\"vc_wp_text wpb_content_element\"><div class=\"widget widget_text\">\t\t\t<div class=\"textwidget\"><p><strong>What is a PDF?<\/strong><\/p>\n<p>PDF stands for Portable Document Format (portable file format) and is a common file format on the internet. It is used for electronic distribution, as it preserves the look and formatting of the original document, including fonts, colors, images and layout. It can also be used on many different types of computers and browsers.<\/p>\n<p>We are a family owned and operated business.<\/p>\n<p><strong>How to open PDF files<\/strong><\/p>\n<p>If the PDF does not open automatically, download a program called Acrobat Reader and install it on your computer.<\/p>\n<p>We are a family owned and operated business.<\/p>\n<p><strong>Printed instructions for use<\/strong><\/p>\n<p>All brclog instructions for use (IFU) are available here on our website. If necessary, a printed copy of the IFU can be ordered here at no additional cost<\/p>\n<\/div>\n\t\t<\/div><\/div><div class=\"vc_separator wpb_content_element vc_separator_align_center vc_sep_width_100 vc_sep_pos_align_center vc_separator_no_text vc_sep_color_white vc_custom_1580935448402  vc_custom_1580935448402\" ><span class=\"vc_sep_holder vc_sep_holder_l\"><span  class=\"vc_sep_line\"><\/span><\/span><span class=\"vc_sep_holder vc_sep_holder_r\"><span  class=\"vc_sep_line\"><\/span><\/span>\n<\/div><div  class=\"vc_wp_text wpb_content_element\"><div class=\"widget widget_text\">\t\t\t<div class=\"textwidget\"><p><strong>Downloadable PDFs<\/strong><\/p>\n<p><a href=\"https:\/\/brclog.com.br\/wp-content\/uploads\/2020\/09\/IUCRD-H-Circuito-Respirat\u00f3rio-Descart\u00e1vel-Hospitak-rev.00.pdf\">\u2022 IUCRD-H Disposable Respiratory Circuit Hospitak rev.00<\/a><\/p>\n<p><a href=\"https:\/\/brclog.com.br\/wp-content\/uploads\/2020\/02\/IUMMC-H-M\u00e1scara-Descart\u00e1vel-de-M\u00e9dia-Concentra\u00e7\u00e3o-Hospitak-Pedi\u00e1trica-rev.00.pdf\">\u2022 IUMMC-H Disposable Medium Concentration Mask Hospitak Pediatric rev.00<\/a><\/p>\n<p><a href=\"https:\/\/brclog.com.br\/wp-content\/uploads\/2020\/02\/IUMFA-H-M\u00e1scara-facial-almofadada-descart\u00e1vel-Hospitak-rev.-00.pdf\">\u2022 IUMFA-H Hospitak rev. 00<\/a><\/p>\n<p><a href=\"https:\/\/brclog.com.br\/wp-content\/uploads\/2020\/02\/IUMA-H-M\u00e1scara-Aerossol-Descart\u00e1vel-Hospitak-rev.00.pdf\">\u2022 IUMA-H Hospitak Disposable Aerosol Mask rev.00<\/a><\/p>\n<p><a href=\"https:\/\/brclog.com.br\/wp-content\/uploads\/2020\/02\/IUMAC-H-M\u00e1scara-de-Alta-Concentra\u00e7\u00e3o-Descart\u00e1vel-Hospitak-rev.00.pdf\">\u2022 IUMAC-H High Concentration Disposable Mask Hospitak rev.00<\/a><\/p>\n<p><a href=\"https:\/\/brclog.com.br\/wp-content\/uploads\/2020\/02\/IUIN-H-Interface-Nasal-Descart\u00e1vel-Hospitak-rev.00.pdf\">\u2022 IUIN-H Disposable Nasal Interface Hospitak rev.00<\/a><\/p>\n<p><a href=\"https:\/\/brclog.com.br\/wp-content\/uploads\/2020\/02\/IUGI-H-Gerador-inFlow-Descart\u00e1vel-Hospitak-rev.00.pdf\">\u2022 IUGI-H Disposable inFlow Generator Hospitak rev.00<\/a><\/p>\n<p><a href=\"https:\/\/brclog.com.br\/wp-content\/uploads\/2020\/02\/IUG-H-Gorro-Descart\u00e1vel-para-Sistema-inFlow-Hospitak-rev.00.pdf\">\u2022 IUG-H Disposable Beanie for inFlow Hospitak System rev.00<\/a><\/p>\n<p><a href=\"https:\/\/brclog.com.br\/wp-content\/uploads\/2020\/02\/IUEV-H-Exercitador-respirat\u00f3rio-volum\u00e9trico-descart\u00e1vel-Hospitak-rev.00.pdf\">\u2022 IUEV-H Disposable volumetric respiratory exerciser Hospitak rev.00<\/a><\/p>\n<p><a href=\"https:\/\/brclog.com.br\/wp-content\/uploads\/2020\/02\/IUEF-H-Exercitador-respirat\u00f3rio-fluxom\u00e9trico-descart\u00e1vel-Hospitak-rev.00.pdf\">\u2022 IUEF-H Disposable Flowometric Respiratory Exerciser Hospitak rev.00<\/a><\/p>\n<p><a href=\"https:\/\/brclog.com.br\/wp-content\/uploads\/2020\/02\/IUCT-H-Conector-em-T-Descartavel-Hospitak-rev.00.pdf\">\u2022 IUCT-H Hospitak Disposable T Connector rev.00<\/a><\/p>\n<p><a href=\"https:\/\/brclog.com.br\/wp-content\/uploads\/2020\/04\/IUCRE-H-Circuito-Respirat\u00f3rio-Expans\u00edvel-para-Anestesia-Descart\u00e1vel-Hospitak-rev.-01.pdf\">\u2022 IUCRE-H Expandable Respiratory Circuit for Adult Disposable Anesthesia Hospitak rev. 00<\/a><\/p>\n<p><a href=\"https:\/\/brclog.com.br\/wp-content\/uploads\/2020\/02\/IUCNS-H-C\u00e2nula-Nasal-Soft-Clear-Descart\u00e1vel-Hospitak-rev.00.pdf\">\u2022 IUCNS-H Hospitak Disposable Soft Clear Nasal Cannula rev.00<\/a><\/p>\n<p><a href=\"https:\/\/brclog.com.br\/wp-content\/uploads\/2020\/02\/IUCN-H-C\u00e2nula-Nasal-Descart\u00e1vel-Hospitak-rev.00.pdf\">\u2022 IUCN-H Hospitak Disposable Nasal Cannula rev.00<\/a><\/p>\n<p><a href=\"https:\/\/brclog.com.br\/wp-content\/uploads\/2020\/04\/IUCG-H-C\u00e2nula-de-Guedel-Descart\u00e1vel-Hospitak-rev.-01.pdf\">\u2022 IUCG-H - Disposable Guedel Cannula Hospitak rev. 00<\/a><\/p>\n<p><a href=\"https:\/\/brclog.com.br\/wp-content\/uploads\/2020\/02\/IUCD-H-Conector-Descart\u00e1vel-Hospitak-rev.00.pdf\">\u2022 IUCD-H Disposable Connector Hospitak rev.00<\/a><\/p>\n<p><a href=\"https:\/\/brclog.com.br\/wp-content\/uploads\/2020\/02\/IUBC-H-Bubble-CPAP-Sistema-infantil-Descart\u00e1vel-com-prongues-nasais-Hospitak-rev.00.pdf\">\u2022 IUBC-H Bubble CPAP Disposable infant system with nasal pronouns Hospitak rev.00<\/a><\/p>\n<p><a href=\"https:\/\/brclog.com.br\/wp-content\/uploads\/2020\/02\/IUAN-H-Adaptador-Nipple-bico-e-porca-Descart\u00e1vel-Hospitak-rev.00.pdf\">\u2022 IUAN-H Disposable Nipple Adapter (spout and nut) Hospitak rev.00<\/a><\/p>\n<p><a href=\"https:\/\/brclog.com.br\/wp-content\/uploads\/2020\/02\/IUVP-H-V\u00e1lvula-PEEP-Ajust\u00e1vel-Hospitak-rev.00.pdf\">\u2022 IUVP-H Hospitak Adjustable PEEP Valve rev.00<\/a><\/p>\n<p><a href=\"https:\/\/brclog.com.br\/wp-content\/uploads\/2020\/02\/IUUB-H-Umidificador-Bubble-Descart\u00e1vel-Hospitak-rev.00.pdf\">\u2022 IUUB-H Hospitak Disposable Bubble Humidifier rev.00<\/a><\/p>\n<p><a href=\"https:\/\/brclog.com.br\/wp-content\/uploads\/2020\/02\/IUTS-H-Tubo-de-Suprimento-de-Oxig\u00eanio-Descart\u00e1vel-Hospitak-rev.00.pdf\">\u2022 IUTS-H Hospitak Disposable Oxygen Supply Tube rev.00<\/a><\/p>\n<p><a href=\"https:\/\/brclog.com.br\/wp-content\/uploads\/2020\/02\/IURR-H-Ressuscitador-Manual-Reutiliz\u00e1vel-Hospitak-rev.00.pdf\">\u2022 IURR-H Reusable Manual Resuscitator Hospitak rev.00<\/a><\/p>\n<p><a href=\"https:\/\/brclog.com.br\/wp-content\/uploads\/2020\/02\/IURD-H-Ressuscitador-Manual-Descart\u00e1vel-Hospitak-rev.00.pdf\">\u2022 IURD-H Hospitak Disposable Manual Resuscitator rev.00<\/a><\/p>\n<p><a href=\"https:\/\/brclog.com.br\/wp-content\/uploads\/2020\/02\/IUNPM-H-Nebulizador-de-Pequeno-Volume-com-M\u00e1scara-Descart\u00e1vel-Hospitak-Adulto-rev.00.pdf\">\u2022 IUNPM-H Small Volume Nebulizer with Hospitak Adult Disposable Mask rev.00<\/a><\/p>\n<p><a href=\"https:\/\/brclog.com.br\/wp-content\/uploads\/2020\/02\/IUNGV-H-Nebulizador-de-Grande-Volume-Descart\u00e1vel-Hospitak-rev.00.pdf\">\u2022 IUNGV-H Hospitak Large Volume Disposable Nebulizer rev.00<\/a><\/p>\n<p><a href=\"https:\/\/brclog.com.br\/wp-content\/uploads\/2020\/02\/IUNB-H-Nebulizador-de-Pequeno-Volume-com-Bocal-Descart\u00e1vel-Hospitak-rev.00.pdf\">\u2022 IUNB-H Small Volume Nebulizer with Disposable Nozzle Hospitak rev.00<\/a><\/p>\n<p><a href=\"https:\/\/brclog.com.br\/wp-content\/uploads\/2020\/02\/IUMV-H-M\u00e1scara-Venturi-Descart\u00e1vel-Hospitak-rev.00.pdf\">\u2022 IUMV-H Venturi Disposable Mask Hospitak rev.00<\/a><\/p>\n<p><a href=\"https:\/\/brclog.com.br\/wp-content\/uploads\/2020\/02\/IUMVA-H-M\u00e1scara-Venturi-Ajust\u00e1vel-Descart\u00e1vel-Hospitak-rev.00.pdf\">\u2022 IUMVA-H Venturi Mask Adjustable Disposable Hospitak rev.00<\/a><\/p>\n<p><a href=\"https:\/\/brclog.com.br\/wp-content\/uploads\/2020\/02\/IUMP-H-Man\u00f4metro-de-Press\u00e3o-Descart\u00e1vel-Hospitak-rev.00.pdf\">\u2022 IUMP-H Disposable Pressure Manometer Hospitak rev.00<\/a><\/p>\n<p><a href=\"https:\/\/brclog.com.br\/wp-content\/uploads\/2020\/02\/IUMNRT-H-M\u00e1scara-de-N\u00e3o-Reinala\u00e7\u00e3o-Total-Descart\u00e1vel-Hospitak-rev.00.pdf\">\u2022 IUMNRT-H Total Disposable Non-Rebreathing Mask Hospitak rev.00<\/a><\/p>\n<p><a href=\"https:\/\/brclog.com.br\/wp-content\/uploads\/2020\/02\/IUMNR-H-M\u00e1scara-de-N\u00e3o-Reinala\u00e7\u00e3o-Descart\u00e1vel-Hospitak-rev.00.pdf\">\u2022 IUMNR-H Disposable Non-Rebreathing Mask Hospitak rev.00<\/a><\/p>\n<\/div>\n\t\t<\/div><\/div><\/div><\/div><\/div><\/div><\/div><\/div>","protected":false},"excerpt":{"rendered":"Consulte instru\u00e7\u00f5es de uso: O que \u00e9 um PDF? PDF significa Portable Document&hellip;","protected":false},"author":3,"featured_media":0,"parent":0,"menu_order":0,"comment_status":"closed","ping_status":"closed","template":"","meta":[],"_links":{"self":[{"href":"https:\/\/brclog.com.br\/en\/wp-json\/wp\/v2\/pages\/2853"}],"collection":[{"href":"https:\/\/brclog.com.br\/en\/wp-json\/wp\/v2\/pages"}],"about":[{"href":"https:\/\/brclog.com.br\/en\/wp-json\/wp\/v2\/types\/page"}],"author":[{"embeddable":true,"href":"https:\/\/brclog.com.br\/en\/wp-json\/wp\/v2\/users\/3"}],"replies":[{"embeddable":true,"href":"https:\/\/brclog.com.br\/en\/wp-json\/wp\/v2\/comments?post=2853"}],"version-history":[{"count":8,"href":"https:\/\/brclog.com.br\/en\/wp-json\/wp\/v2\/pages\/2853\/revisions"}],"predecessor-version":[{"id":3260,"href":"https:\/\/brclog.com.br\/en\/wp-json\/wp\/v2\/pages\/2853\/revisions\/3260"}],"wp:attachment":[{"href":"https:\/\/brclog.com.br\/en\/wp-json\/wp\/v2\/media?parent=2853"}],"curies":[{"name":"wp","href":"https:\/\/api.w.org\/{rel}","templated":true}]}}