{"id":2501,"date":"2019-07-25T19:45:30","date_gmt":"2019-07-25T22:45:30","guid":{"rendered":"http:\/\/brclog.com.br\/?page_id=2501"},"modified":"2019-07-25T19:47:14","modified_gmt":"2019-07-25T22:47:14","slug":"ligamos-para-voce","status":"publish","type":"page","link":"https:\/\/brclog.com.br\/en\/ligamos-para-voce\/","title":{"rendered":"We call you"},"content":{"rendered":"<div class=\"vc_row wpb_row vc_row-fluid vc_custom_1561985926385\"><div class=\"container\"><div class=\"row\"><div class=\"wpb_column vc_column_container vc_col-sm-12\"><div class=\"vc_column-inner\"><div class=\"wpb_wrapper\">\n\t<div class=\"wpb_text_column wpb_content_element  vc_custom_1564094720422\" >\n\t\t<div class=\"wpb_wrapper\">\n\t\t\t<p>It will be a pleasure to fulfill your request<\/p>\n<p>Please fill in the information below.<\/p>\n\n\t\t<\/div>\n\t<\/div>\n<\/div><\/div><\/div><\/div><\/div><\/div><div class=\"vc_row wpb_row vc_row-fluid vc_custom_1561985937871 vc_row-has-fill\"><div class=\"container\"><div class=\"row\"><div class=\"wpb_column vc_column_container vc_col-sm-12\"><div class=\"vc_column-inner\"><div class=\"wpb_wrapper\"><div role=\"form\" class=\"wpcf7\" id=\"wpcf7-f2504-o1\" lang=\"en-US\" dir=\"ltr\">\n<div class=\"screen-reader-response\" aria-live=\"polite\"><\/div>\n<form action=\"\/en\/wp-json\/wp\/v2\/pages\/2501#wpcf7-f2504-o1\" method=\"post\" class=\"wpcf7-form\" novalidate=\"novalidate\" data-trp-original-action=\"\/en\/wp-json\/wp\/v2\/pages\/2501#wpcf7-f2504-o1\">\n<div style=\"display: none;\">\n<input type=\"hidden\" name=\"_wpcf7\" value=\"2504\" \/>\n<input type=\"hidden\" name=\"_wpcf7_version\" value=\"5.1.9\" \/>\n<input type=\"hidden\" name=\"_wpcf7_locale\" value=\"en_US\" \/>\n<input type=\"hidden\" name=\"_wpcf7_unit_tag\" value=\"wpcf7-f2504-o1\" \/>\n<input type=\"hidden\" name=\"_wpcf7_container_post\" value=\"0\" \/>\n<input type=\"hidden\" name=\"g-recaptcha-response\" value=\"\" \/>\n<\/div>\n<div class=\"fh-form fh-form-3\">\n<div class=\"row\">\n<div class=\"col-md-6 col-sm-6 col-xs-12\">\n<p class=\"field\"><span class=\"wpcf7-form-control-wrap nome\"><input type=\"text\" name=\"nome\" value=\"\" size=\"40\" class=\"wpcf7-form-control wpcf7-text wpcf7-validates-as-required\" aria-required=\"true\" aria-invalid=\"false\" placeholder=\"Your name*\" \/><\/span><\/p>\n<p class=\"field\"><span class=\"wpcf7-form-control-wrap telefone\"><input type=\"text\" name=\"telefone\" value=\"\" size=\"40\" class=\"wpcf7-form-control wpcf7-text\" aria-invalid=\"false\" placeholder=\"telephone\" \/><\/span><\/p>\n<p class=\"field\"><span class=\"wpcf7-form-control-wrap celular\"><input type=\"text\" name=\"celular\" value=\"\" size=\"40\" class=\"wpcf7-form-control wpcf7-text\" aria-invalid=\"false\" placeholder=\"Cell phone\" \/><\/span><\/p>\n<p class=\"field\"> <span class=\"wpcf7-form-control-wrap menu-372\"><select name=\"menu-372\" class=\"wpcf7-form-control wpcf7-select wpcf7-validates-as-required\" aria-required=\"true\" aria-invalid=\"false\"><option value=\"Selecione o motivo do contato\">Select reason for contact<\/option><option value=\"Or\u00e7amento para Armazenagem\">Budget for Storage<\/option><option value=\"Or\u00e7amento para Transporte\">Transportation Budget<\/option><option value=\"Or\u00e7amento para Adequa\u00e7\u00e3o de Produtos\">Budget for Adequacy of Products<\/option><option value=\"Or\u00e7amento para Log\u00edstica Hospitalar\">Budget for Hospital Logistics<\/option><option value=\"Outro Assunto (preencha abaixo)\">Other Subject (fill in below)<\/option><\/select><\/span><\/p>\n<p class=\"field\"><span class=\"wpcf7-form-control-wrap assunto\"><input type=\"text\" name=\"assunto\" value=\"\" size=\"40\" class=\"wpcf7-form-control wpcf7-text\" aria-invalid=\"false\" placeholder=\"Another topic\" \/><\/span><\/p>\n<\/div>\n<div class=\"col-md-12 col-sm-12 col-xs-12\">\n<p class=\"field submit\"><input type=\"submit\" value=\"Request Contact\" class=\"wpcf7-form-control wpcf7-submit fh-btn\" \/><\/p>\n<\/div><\/div>\n<\/div>\n<div class=\"wpcf7-response-output wpcf7-display-none\" aria-hidden=\"true\"><\/div><input type=\"hidden\" name=\"trp-form-language\" value=\"en\"\/><\/form><\/div><\/div><\/div><\/div><\/div><\/div><\/div><div data-vc-full-width=\"true\" data-vc-full-width-init=\"false\" data-vc-stretch-content=\"true\" class=\"vc_row wpb_row vc_row-fluid mapa vc_row-no-padding\"><div class=\"container-fluid\"><div class=\"row\"><div class=\"wpb_column vc_column_container vc_col-sm-12\"><div class=\"vc_column-inner\"><div class=\"wpb_wrapper\">\n\t<div class=\"wpb_text_column wpb_content_element\" >\n\t\t<div class=\"wpb_wrapper\">\n\t\t\t<p><iframe loading=\"lazy\" style=\"border: 0;\" src=\"https:\/\/www.google.com\/maps\/embed?pb=!1m14!1m8!1m3!1d14605.86492305819!2d-46.587522!3d-23.7664065!3m2!1i1024!2i768!4f13.1!3m3!1m2!1s0x0%3A0x2e64652e08a87af5!2sbrclog!5e0!3m2!1spt-BR!2sbr!4v1561982969241!5m2!1spt-BR!2sbr\" width=\"100%\" height=\"350\" frameborder=\"0\" allowfullscreen=\"allowfullscreen\"><\/iframe><\/p>\n\n\t\t<\/div>\n\t<\/div>\n<\/div><\/div><\/div><\/div><\/div><\/div><div class=\"vc_row-full-width vc_clearfix\"><\/div>","protected":false},"excerpt":{"rendered":"Ser\u00e1 um prazer atender sua solicita\u00e7\u00e3o Por favor, preencha as informa\u00e7\u00f5es abaixo. Selecione&hellip;","protected":false},"author":1,"featured_media":0,"parent":0,"menu_order":0,"comment_status":"closed","ping_status":"closed","template":"template-fullwidth.php","meta":[],"_links":{"self":[{"href":"https:\/\/brclog.com.br\/en\/wp-json\/wp\/v2\/pages\/2501"}],"collection":[{"href":"https:\/\/brclog.com.br\/en\/wp-json\/wp\/v2\/pages"}],"about":[{"href":"https:\/\/brclog.com.br\/en\/wp-json\/wp\/v2\/types\/page"}],"author":[{"embeddable":true,"href":"https:\/\/brclog.com.br\/en\/wp-json\/wp\/v2\/users\/1"}],"replies":[{"embeddable":true,"href":"https:\/\/brclog.com.br\/en\/wp-json\/wp\/v2\/comments?post=2501"}],"version-history":[{"count":2,"href":"https:\/\/brclog.com.br\/en\/wp-json\/wp\/v2\/pages\/2501\/revisions"}],"predecessor-version":[{"id":2505,"href":"https:\/\/brclog.com.br\/en\/wp-json\/wp\/v2\/pages\/2501\/revisions\/2505"}],"wp:attachment":[{"href":"https:\/\/brclog.com.br\/en\/wp-json\/wp\/v2\/media?parent=2501"}],"curies":[{"name":"wp","href":"https:\/\/api.w.org\/{rel}","templated":true}]}}