{"id":2454,"date":"2019-07-25T18:39:34","date_gmt":"2019-07-25T21:39:34","guid":{"rendered":"http:\/\/brclog.com.br\/?page_id=2454"},"modified":"2023-01-06T21:51:13","modified_gmt":"2023-01-07T00:51:13","slug":"suas-vantagens","status":"publish","type":"page","link":"https:\/\/brclog.com.br\/en\/suas-vantagens\/","title":{"rendered":"YOUR ADVANTAGES"},"content":{"rendered":"<div class=\"vc_row wpb_row vc_row-fluid vc_custom_1561660599223\"><div class=\"container\"><div class=\"row\"><div class=\"wpb_column vc_column_container vc_col-sm-12\"><div class=\"vc_column-inner\"><div class=\"wpb_wrapper\"><div class=\"fh-service-box-2 icon-type-theme_icon box-style-1  no-thumb\">\n\t\t\t\t<div class=\"box-thumb\"><\/div>\n\t\t\t\t<div class=\"box-wrapper\">\n\t\t\t\t\t<div class=\"box-header clearfix\"><span class=\"fh-icon\"><i class=\"flaticon-social\"><\/i><\/span><\/div>\n\t\t\t\t\t<div class=\"box-content\"><h5>\u2022 Optimizing your space for your end activity, increasing your team&#039;s productivity<\/h5>\n<h5>\u2022 Correct planning and better negotiation of purchases and replacements with suppliers<\/h5>\n<h5>\u2022 Full inventory control in real time<\/h5>\n<h5>\u2022 24 hour security<\/h5>\n<h5>\u2022 Reduction of cargo handling, reducing losses due to breakage or handling<\/h5>\n<h5>\u2022 Elimination of validity losses<\/h5>\n<h5>\u2022 Guarantee of the physical integrity of the products handled and transported<\/h5>\n<h5>\u2022 Deliveries to our Distribution Center, relieving your company&#039;s local traffic<\/h5>\n<h5>\u2022 Answering your emergencies<\/h5>\n<h5>\u2022 Increased supply agility, reducing and meeting delivery deadlines<\/h5>\n<h5>\u2022 Customization of services according to the customer&#039;s needs<\/h5>\n<h5>\u2022 Improvement in customer service and satisfaction<\/h5>\n<\/div>\n\t\t\t\t\t\n\t\t\t\t<\/div>\n\t\t\t<\/div><\/div><\/div><\/div><\/div><\/div><\/div>","protected":false},"excerpt":{"rendered":"\u2022 Otimiza\u00e7\u00e3o de seu espa\u00e7o para a sua atividade fim, aumentando a produtividade&hellip;","protected":false},"author":1,"featured_media":0,"parent":0,"menu_order":0,"comment_status":"closed","ping_status":"closed","template":"","meta":[],"_links":{"self":[{"href":"https:\/\/brclog.com.br\/en\/wp-json\/wp\/v2\/pages\/2454"}],"collection":[{"href":"https:\/\/brclog.com.br\/en\/wp-json\/wp\/v2\/pages"}],"about":[{"href":"https:\/\/brclog.com.br\/en\/wp-json\/wp\/v2\/types\/page"}],"author":[{"embeddable":true,"href":"https:\/\/brclog.com.br\/en\/wp-json\/wp\/v2\/users\/1"}],"replies":[{"embeddable":true,"href":"https:\/\/brclog.com.br\/en\/wp-json\/wp\/v2\/comments?post=2454"}],"version-history":[{"count":10,"href":"https:\/\/brclog.com.br\/en\/wp-json\/wp\/v2\/pages\/2454\/revisions"}],"predecessor-version":[{"id":2992,"href":"https:\/\/brclog.com.br\/en\/wp-json\/wp\/v2\/pages\/2454\/revisions\/2992"}],"wp:attachment":[{"href":"https:\/\/brclog.com.br\/en\/wp-json\/wp\/v2\/media?parent=2454"}],"curies":[{"name":"wp","href":"https:\/\/api.w.org\/{rel}","templated":true}]}}