{"id":2452,"date":"2019-07-25T18:34:10","date_gmt":"2019-07-25T21:34:10","guid":{"rendered":"http:\/\/brclog.com.br\/?page_id=2452"},"modified":"2024-11-11T08:25:51","modified_gmt":"2024-11-11T11:25:51","slug":"gestao-estrategica","status":"publish","type":"page","link":"https:\/\/brclog.com.br\/en\/gestao-estrategica\/","title":{"rendered":"STRATEGIC MANAGEMENT"},"content":{"rendered":"<div class=\"vc_row wpb_row vc_row-fluid vc_custom_1561660599223\"><div class=\"container\"><div class=\"row\"><div class=\"wpb_column vc_column_container vc_col-sm-12\"><div class=\"vc_column-inner\"><div class=\"wpb_wrapper\"><div class=\"fh-service-box-2 icon-type-theme_icon box-style-1  no-thumb\">\n\t\t\t\t<div class=\"box-thumb\"><\/div>\n\t\t\t\t<div class=\"box-wrapper\">\n\t\t\t\t\t<div class=\"box-header clearfix\"><span class=\"fh-icon\"><i class=\"fa fa-line-chart\"><\/i><\/span><\/div>\n\t\t\t\t\t<div class=\"box-content\"><h5>\u2022 We manage logistics and processes on time with stable operation<\/h5>\n<h5>\u2022 Reliable, trained and committed technical staff<\/h5>\n<h5>\u2022 Personalized service, solutions and conscious choices<\/h5>\n<h5>\u2022 National performance<\/h5>\n<h5>\u2022 Manual of good practices (Standard Operating Procedure)<\/h5>\n<h5>\u2022 Continuous improvement<\/h5>\n<h5>\u2022 Organization and technological innovation<\/h5>\n<h5>\u2022 Full-time pharmacist<\/h5>\n<h5>\u2022 Quality Engineering and Management<\/h5>\n<h5>\u2022 <a href=\"https:\/\/brclog.com.br\/wp-content\/uploads\/2021\/03\/Pol\u00edtica-SGQ-Brclog.pdf\">Integrated Quality Management System Policy<\/a><\/h5>\n<h5>\u2022 Responsabilidade Social<\/h5>\n<div data-olk-copy-source=\"MessageBody\">A Brclog apoia a ONG Ficar de Bem, que promove a preven\u00e7\u00e3o, o atendimento e a prote\u00e7\u00e3o \u00e0 crian\u00e7a e ao adolescente com direitos violados, visando \u00e0 manuten\u00e7\u00e3o do bem-estar f\u00edsico, ps\u00edquico e social.<\/div>\n<div class=\"x_x_elementToProof\">Saiba mais: <span style=\"color: #3366ff;\"><a style=\"color: #3366ff;\" href=\"https:\/\/ficardebem.org.br\/\">ficardebem.org.br<\/a><\/span><\/div>\n<p>&nbsp;<\/p>\n<\/div>\n\t\t\t\t\t\n\t\t\t\t<\/div>\n\t\t\t<\/div><\/div><\/div><\/div><\/div><\/div><\/div>","protected":false},"excerpt":{"rendered":"\u2022 Gerenciamos a log\u00edstica e os processos no tempo certo com uma opera\u00e7\u00e3o&hellip;","protected":false},"author":1,"featured_media":0,"parent":0,"menu_order":0,"comment_status":"closed","ping_status":"closed","template":"","meta":[],"_links":{"self":[{"href":"https:\/\/brclog.com.br\/en\/wp-json\/wp\/v2\/pages\/2452"}],"collection":[{"href":"https:\/\/brclog.com.br\/en\/wp-json\/wp\/v2\/pages"}],"about":[{"href":"https:\/\/brclog.com.br\/en\/wp-json\/wp\/v2\/types\/page"}],"author":[{"embeddable":true,"href":"https:\/\/brclog.com.br\/en\/wp-json\/wp\/v2\/users\/1"}],"replies":[{"embeddable":true,"href":"https:\/\/brclog.com.br\/en\/wp-json\/wp\/v2\/comments?post=2452"}],"version-history":[{"count":9,"href":"https:\/\/brclog.com.br\/en\/wp-json\/wp\/v2\/pages\/2452\/revisions"}],"predecessor-version":[{"id":3872,"href":"https:\/\/brclog.com.br\/en\/wp-json\/wp\/v2\/pages\/2452\/revisions\/3872"}],"wp:attachment":[{"href":"https:\/\/brclog.com.br\/en\/wp-json\/wp\/v2\/media?parent=2452"}],"curies":[{"name":"wp","href":"https:\/\/api.w.org\/{rel}","templated":true}]}}