{"id":2451,"date":"2019-07-25T18:31:59","date_gmt":"2019-07-25T21:31:59","guid":{"rendered":"http:\/\/brclog.com.br\/?page_id=2451"},"modified":"2026-03-04T08:46:03","modified_gmt":"2026-03-04T11:46:03","slug":"certificacoes-sao-paulo","status":"publish","type":"page","link":"https:\/\/brclog.com.br\/en\/certificacoes-sao-paulo\/","title":{"rendered":"CERTIFICA\u00c7\u00d5ES S\u00c3O PAULO"},"content":{"rendered":"<div class=\"vc_row wpb_row vc_row-fluid vc_custom_1561660599223\"><div class=\"container\"><div class=\"row\"><div class=\"wpb_column vc_column_container vc_col-sm-12\"><div class=\"vc_column-inner\"><div class=\"wpb_wrapper\"><div  class=\"vc_wp_text wpb_content_element\"><div class=\"widget widget_text\">\t\t\t<div class=\"textwidget\"><\/p>\n<h4>We fully comply with all standards, licenses and resolutions, including ANVISA operating authorization, municipal health license, technical regularity certificates, among others. See below:<\/h4>\n<p>\n<\/div>\n\t\t<\/div><\/div><\/div><\/div><\/div><\/div><\/div><\/div><div class=\"vc_row wpb_row vc_row-fluid\"><div class=\"container\"><div class=\"row\"><div class=\"wpb_column vc_column_container vc_col-sm-4\"><div class=\"vc_column-inner\"><div class=\"wpb_wrapper\">\n\t<div  class=\"wpb_single_image wpb_content_element vc_align_center  vc_custom_1746275397425\">\n\t\t\n\t\t<figure class=\"wpb_wrapper vc_figure\">\n\t\t\t<div class=\"vc_single_image-wrapper   vc_box_border_grey\"><img width=\"150\" height=\"150\" src=\"https:\/\/brclog.com.br\/wp-content\/uploads\/2020\/06\/cvs-logo.jpg\" class=\"vc_single_image-img attachment-full\" alt=\"\" loading=\"lazy\" srcset=\"https:\/\/brclog.com.br\/wp-content\/uploads\/2020\/06\/cvs-logo.jpg 150w, https:\/\/brclog.com.br\/wp-content\/uploads\/2020\/06\/cvs-logo-75x75.jpg 75w, https:\/\/brclog.com.br\/wp-content\/uploads\/2020\/06\/cvs-logo-80x80.jpg 80w\" sizes=\"(max-width: 150px) 100vw, 150px\" \/><\/div>\n\t\t<\/figure>\n\t<\/div>\n<\/div><\/div><\/div><div class=\"wpb_column vc_column_container vc_col-sm-4\"><div class=\"vc_column-inner\"><div class=\"wpb_wrapper\">\n\t<div  class=\"wpb_single_image wpb_content_element vc_align_center\">\n\t\t\n\t\t<figure class=\"wpb_wrapper vc_figure\">\n\t\t\t<div class=\"vc_single_image-wrapper   vc_box_border_grey\"><img width=\"150\" height=\"150\" src=\"https:\/\/brclog.com.br\/wp-content\/uploads\/2019\/08\/logo-anvisa.jpg\" class=\"vc_single_image-img attachment-full\" alt=\"\" loading=\"lazy\" srcset=\"https:\/\/brclog.com.br\/wp-content\/uploads\/2019\/08\/logo-anvisa.jpg 150w, https:\/\/brclog.com.br\/wp-content\/uploads\/2019\/08\/logo-anvisa-75x75.jpg 75w, https:\/\/brclog.com.br\/wp-content\/uploads\/2019\/08\/logo-anvisa-80x80.jpg 80w\" sizes=\"(max-width: 150px) 100vw, 150px\" \/><\/div>\n\t\t<\/figure>\n\t<\/div>\n<\/div><\/div><\/div><div class=\"wpb_column vc_column_container vc_col-sm-4\"><div class=\"vc_column-inner\"><div class=\"wpb_wrapper\">\n\t<div  class=\"wpb_single_image wpb_content_element vc_align_center\">\n\t\t\n\t\t<figure class=\"wpb_wrapper vc_figure\">\n\t\t\t<div class=\"vc_single_image-wrapper   vc_box_border_grey\"><img width=\"150\" height=\"157\" src=\"https:\/\/brclog.com.br\/wp-content\/uploads\/2019\/08\/logo-bombeiros.jpg\" class=\"vc_single_image-img attachment-full\" alt=\"\" loading=\"lazy\" \/><\/div>\n\t\t<\/figure>\n\t<\/div>\n<\/div><\/div><\/div><\/div><\/div><\/div><div class=\"vc_row wpb_row vc_row-fluid\"><div class=\"container\"><div class=\"row\"><div class=\"wpb_column vc_column_container vc_col-sm-4\"><div class=\"vc_column-inner vc_custom_1571696355822\"><div class=\"wpb_wrapper\">\n\t<div  class=\"wpb_single_image wpb_content_element vc_align_center\">\n\t\t\n\t\t<figure class=\"wpb_wrapper vc_figure\">\n\t\t\t<div class=\"vc_single_image-wrapper   vc_box_border_grey\"><img width=\"150\" height=\"113\" src=\"https:\/\/brclog.com.br\/wp-content\/uploads\/2019\/08\/logo-crf.jpg\" class=\"vc_single_image-img attachment-full\" alt=\"\" loading=\"lazy\" \/><\/div>\n\t\t<\/figure>\n\t<\/div>\n<\/div><\/div><\/div><div class=\"wpb_column vc_column_container vc_col-sm-4\"><div class=\"vc_column-inner\"><div class=\"wpb_wrapper\">\n\t<div  class=\"wpb_single_image wpb_content_element vc_align_center\">\n\t\t\n\t\t<figure class=\"wpb_wrapper vc_figure\">\n\t\t\t<div class=\"vc_single_image-wrapper   vc_box_border_grey\"><img class=\"vc_single_image-img\" src=\"https:\/\/brclog.com.br\/wp-content\/uploads\/2019\/08\/logo-cetesb-120x150.jpg\" width=\"120\" height=\"150\" alt=\"logo-cetesb\" title=\"logo-cetesb\" \/><\/div>\n\t\t<\/figure>\n\t<\/div>\n<\/div><\/div><\/div><div class=\"wpb_column vc_column_container vc_col-sm-4\"><div class=\"vc_column-inner\"><div class=\"wpb_wrapper\">\n\t<div  class=\"wpb_single_image wpb_content_element vc_align_center\">\n\t\t\n\t\t<figure class=\"wpb_wrapper vc_figure\">\n\t\t\t<div class=\"vc_single_image-wrapper   vc_box_border_grey\"><img width=\"150\" height=\"150\" src=\"https:\/\/brclog.com.br\/wp-content\/uploads\/2019\/08\/logo-ibama-150x150.jpg\" class=\"vc_single_image-img attachment-thumbnail\" alt=\"\" loading=\"lazy\" srcset=\"https:\/\/brclog.com.br\/wp-content\/uploads\/2019\/08\/logo-ibama-150x150.jpg 150w, https:\/\/brclog.com.br\/wp-content\/uploads\/2019\/08\/logo-ibama-75x75.jpg 75w, https:\/\/brclog.com.br\/wp-content\/uploads\/2019\/08\/logo-ibama-80x80.jpg 80w\" sizes=\"(max-width: 150px) 100vw, 150px\" \/><\/div>\n\t\t<\/figure>\n\t<\/div>\n<\/div><\/div><\/div><\/div><\/div><\/div><div class=\"vc_row wpb_row vc_row-fluid\"><div class=\"container\"><div class=\"row\"><div class=\"wpb_column vc_column_container vc_col-sm-4\"><div class=\"vc_column-inner\"><div class=\"wpb_wrapper\">\n\t<div  class=\"wpb_single_image wpb_content_element vc_align_center\">\n\t\t\n\t\t<figure class=\"wpb_wrapper vc_figure\">\n\t\t\t<div class=\"vc_single_image-wrapper   vc_box_border_grey\"><img width=\"150\" height=\"76\" src=\"https:\/\/brclog.com.br\/wp-content\/uploads\/2020\/09\/logo-antt.png\" class=\"vc_single_image-img attachment-full\" alt=\"\" loading=\"lazy\" \/><\/div>\n\t\t<\/figure>\n\t<\/div>\n<\/div><\/div><\/div><div class=\"wpb_column vc_column_container vc_col-sm-4\"><div class=\"vc_column-inner\"><div class=\"wpb_wrapper\">\n\t<div  class=\"wpb_single_image wpb_content_element vc_align_center\">\n\t\t\n\t\t<figure class=\"wpb_wrapper vc_figure\">\n\t\t\t<div class=\"vc_single_image-wrapper   vc_box_border_grey\"><img width=\"160\" height=\"120\" src=\"https:\/\/brclog.com.br\/wp-content\/uploads\/2019\/09\/policia-civil-sp.gif\" class=\"vc_single_image-img attachment-full\" alt=\"\" loading=\"lazy\" \/><\/div>\n\t\t<\/figure>\n\t<\/div>\n<\/div><\/div><\/div><div class=\"wpb_column vc_column_container vc_col-sm-4\"><div class=\"vc_column-inner\"><div class=\"wpb_wrapper\">\n\t<div  class=\"wpb_single_image wpb_content_element vc_align_center\">\n\t\t\n\t\t<figure class=\"wpb_wrapper vc_figure\">\n\t\t\t<div class=\"vc_single_image-wrapper   vc_box_border_grey\"><img width=\"124\" height=\"160\" src=\"https:\/\/brclog.com.br\/wp-content\/uploads\/2019\/09\/policia-federal.gif\" class=\"vc_single_image-img attachment-full\" alt=\"\" loading=\"lazy\" \/><\/div>\n\t\t<\/figure>\n\t<\/div>\n<\/div><\/div><\/div><\/div><\/div><\/div><div class=\"vc_row wpb_row vc_row-fluid\"><div class=\"container\"><div class=\"row\"><div class=\"wpb_column vc_column_container vc_col-sm-4\"><div class=\"vc_column-inner\"><div class=\"wpb_wrapper\">\n\t<div  class=\"wpb_single_image wpb_content_element vc_align_center\">\n\t\t\n\t\t<figure class=\"wpb_wrapper vc_figure\">\n\t\t\t<div class=\"vc_single_image-wrapper   vc_box_border_grey\"><img width=\"150\" height=\"150\" src=\"https:\/\/brclog.com.br\/wp-content\/uploads\/2022\/06\/prefeitura_de_sao_bernardo-150x150.jpeg\" class=\"vc_single_image-img attachment-thumbnail\" alt=\"\" loading=\"lazy\" srcset=\"https:\/\/brclog.com.br\/wp-content\/uploads\/2022\/06\/prefeitura_de_sao_bernardo-150x150.jpeg 150w, https:\/\/brclog.com.br\/wp-content\/uploads\/2022\/06\/prefeitura_de_sao_bernardo-300x300.jpeg 300w, https:\/\/brclog.com.br\/wp-content\/uploads\/2022\/06\/prefeitura_de_sao_bernardo-12x12.jpeg 12w, https:\/\/brclog.com.br\/wp-content\/uploads\/2022\/06\/prefeitura_de_sao_bernardo-75x75.jpeg 75w, https:\/\/brclog.com.br\/wp-content\/uploads\/2022\/06\/prefeitura_de_sao_bernardo-80x80.jpeg 80w, https:\/\/brclog.com.br\/wp-content\/uploads\/2022\/06\/prefeitura_de_sao_bernardo.jpeg 700w\" sizes=\"(max-width: 150px) 100vw, 150px\" \/><\/div>\n\t\t<\/figure>\n\t<\/div>\n<\/div><\/div><\/div><div class=\"wpb_column vc_column_container vc_col-sm-4\"><div class=\"vc_column-inner\"><div class=\"wpb_wrapper\"><\/div><\/div><\/div><\/div><\/div><\/div>","protected":false},"excerpt":{"rendered":"Atendemos integralmente todas as normas, licen\u00e7as e resolu\u00e7\u00f5es, incluindo autoriza\u00e7\u00e3o de funcionamento ANVISA,&hellip;","protected":false},"author":1,"featured_media":0,"parent":0,"menu_order":0,"comment_status":"closed","ping_status":"closed","template":"","meta":[],"_links":{"self":[{"href":"https:\/\/brclog.com.br\/en\/wp-json\/wp\/v2\/pages\/2451"}],"collection":[{"href":"https:\/\/brclog.com.br\/en\/wp-json\/wp\/v2\/pages"}],"about":[{"href":"https:\/\/brclog.com.br\/en\/wp-json\/wp\/v2\/types\/page"}],"author":[{"embeddable":true,"href":"https:\/\/brclog.com.br\/en\/wp-json\/wp\/v2\/users\/1"}],"replies":[{"embeddable":true,"href":"https:\/\/brclog.com.br\/en\/wp-json\/wp\/v2\/comments?post=2451"}],"version-history":[{"count":73,"href":"https:\/\/brclog.com.br\/en\/wp-json\/wp\/v2\/pages\/2451\/revisions"}],"predecessor-version":[{"id":3917,"href":"https:\/\/brclog.com.br\/en\/wp-json\/wp\/v2\/pages\/2451\/revisions\/3917"}],"wp:attachment":[{"href":"https:\/\/brclog.com.br\/en\/wp-json\/wp\/v2\/media?parent=2451"}],"curies":[{"name":"wp","href":"https:\/\/api.w.org\/{rel}","templated":true}]}}