{"id":2335,"date":"2019-07-01T10:05:26","date_gmt":"2019-07-01T13:05:26","guid":{"rendered":"http:\/\/brclog.com.br\/?page_id=2335"},"modified":"2026-04-11T09:33:07","modified_gmt":"2026-04-11T12:33:07","slug":"trabalhe-conosco","status":"publish","type":"page","link":"https:\/\/brclog.com.br\/en\/trabalhe-conosco\/","title":{"rendered":"Work with us"},"content":{"rendered":"<div class=\"vc_row wpb_row vc_row-fluid vc_custom_1561995972663\"><div class=\"container\"><div class=\"row\"><div class=\"wpb_column vc_column_container vc_col-sm-12\"><div class=\"vc_column-inner\"><div class=\"wpb_wrapper\">\n\t<div class=\"wpb_text_column wpb_content_element  vc_custom_1755859995819\" >\n\t\t<div class=\"wpb_wrapper\">\n\t\t\t<p>Fa\u00e7a parte do time Brclog! Envie seus dados atrav\u00e9s do formul\u00e1rio abaixo. N\u00e3o esque\u00e7a de anexar seu curr\u00edculo!<\/p>\n\n\t\t<\/div>\n\t<\/div>\n<div class=\"vc_tta-container\" data-vc-action=\"collapse\"><div class=\"vc_general vc_tta vc_tta-accordion vc_tta-color-grey vc_tta-style-classic vc_tta-shape-rounded vc_tta-o-shape-group vc_tta-controls-align-left\"><div class=\"vc_tta-panels-container\"><div class=\"vc_tta-panels\"><div class=\"vc_tta-panel vc_active\" id=\"1673035588394-83e872f2-fc11\" data-vc-content=\".vc_tta-panel-body\"><div class=\"vc_tta-panel-heading\"><h4 class=\"vc_tta-panel-title vc_tta-controls-icon-position-left\"><a href=\"#1673035588394-83e872f2-fc11\" data-vc-accordion data-vc-container=\".vc_tta-container\"><span class=\"vc_tta-title-text\">Coordenador Log\u00edstico - matriz Brclog S\u00e3o Bernardo do Campo - SP<\/span><i class=\"vc_tta-controls-icon vc_tta-controls-icon-plus\"><\/i><\/a><\/h4><\/div><div class=\"vc_tta-panel-body\">\n\t<div class=\"wpb_text_column wpb_content_element\" >\n\t\t<div class=\"wpb_wrapper\">\n\t\t\t<p>A Brclog est\u00e1 buscando Coordenador Log\u00edstico &#8211; S\u00e3o Bernardo do Campo &#8211; SP<\/p>\n<p>Fa\u00e7a parte do time!<\/p>\n<p>Descri\u00e7\u00e3o da vaga :<br \/>\nCoordenar as atividades de recebimento, armazenagem, separa\u00e7\u00e3o, expedi\u00e7\u00e3o e transporte de produtos.<\/p>\n<p>Garantir o cumprimento de KPI&#8217;s (Indicadores de Desempenho) relacionados a produtividade, acuracidade de invent\u00e1rio e entregas no prazo.<\/p>\n<p>Implementar e monitorar processos de log\u00edstica reversa, quando aplic\u00e1vel.<\/p>\n<p>Identificar oportunidades de melhoria nos fluxos log\u00edsticos, reduzindo custos e aumentando a efici\u00eancia operacional.<\/p>\n<p>Liderar e desenvolver equipes operacionais promovendo treinamentos e avalia\u00e7\u00f5es de desempenho.<\/p>\n<p>Elaborar planejamento estrat\u00e9gico para atender as demandas sazonais e picos de opera\u00e7\u00e3o.<\/p>\n<p>Escolaridade:<br \/>\nEnsino Superior em Log\u00edstica, engenharia de produ\u00e7\u00e3o, administra\u00e7\u00e3o ou \u00e1reas correlatas. P\u00f3s-gradua\u00e7\u00e3o ou MBAs na \u00e1rea s\u00e3o diferenciais.<\/p>\n<p>Conhecimento espec\u00edfico:<br \/>\nExperi\u00eancia em gest\u00e3o log\u00edstica.<\/p>\n<p>Dom\u00ednio de sistemas WMS, TMS e ERP (SAP, ORACLE, entre outros)<\/p>\n<p>Conhecimento em legisla\u00e7\u00e3o de transporte e armazenagem.<\/p>\n<p>No\u00e7\u00f5es de Gest\u00e3o de custos e or\u00e7amento<\/p>\n<p>Requisitos comportamentais:<br \/>\nLideran\u00e7a e gest\u00e3o de equipes multidisciplinares.<\/p>\n<p>Capacidade anal\u00edtica e resolu\u00e7\u00e3o de problemas sob press\u00e3o.<\/p>\n<p>Comunica\u00e7\u00e3o clara e habilidades de negocia\u00e7\u00e3o.<\/p>\n<p>Benef\u00edcios:<br \/>\nVale Refei\u00e7\u00e3o, Vale Alimenta\u00e7\u00e3o, Assist\u00eancia M\u00e9dica, Assist\u00eancia Odontol\u00f3gica, Total Pass, Seguro de Vida, Vale transporte.<\/p>\n<p>Outros:<br \/>\nResidir em S\u00e3o Bernardo do Campo, Regi\u00e3o do ABC.<\/p>\n\n\t\t<\/div>\n\t<\/div>\n<\/div><\/div><div class=\"vc_tta-panel\" id=\"1751998818864-f9d9a8ec-dc6d\" data-vc-content=\".vc_tta-panel-body\"><div class=\"vc_tta-panel-heading\"><h4 class=\"vc_tta-panel-title vc_tta-controls-icon-position-left\"><a href=\"#1751998818864-f9d9a8ec-dc6d\" data-vc-accordion data-vc-container=\".vc_tta-container\"><span class=\"vc_tta-title-text\">Operador de Empilhadeira - matriz Brclog S\u00e3o Bernardo do Campo - SP<\/span><i class=\"vc_tta-controls-icon vc_tta-controls-icon-plus\"><\/i><\/a><\/h4><\/div><div class=\"vc_tta-panel-body\">\n\t<div class=\"wpb_text_column wpb_content_element\" >\n\t\t<div class=\"wpb_wrapper\">\n\t\t\t<p>A Brclog est\u00e1 buscando Operador de Empilhadeira &#8211; S\u00e3o Bernardo do Campo &#8211; SP<\/p>\n<p>Fa\u00e7a parte do time!<\/p>\n<p><b>Job description:<\/b><\/p>\n<p>Operar empilhadeira, realizando a movimenta\u00e7\u00e3o de paletes para o armazenamento.<\/p>\n<p class=\"x_elementToProof\"><b>Requirements:<\/b><\/p>\n<p class=\"x_elementToProof\">Experi\u00eancia na \u00e1rea de Operador de Empilhadeira<\/p>\n<p class=\"x_elementToProof\">Ensino M\u00e9dio Completo<\/p>\n<p class=\"x_elementToProof\">Diploma do Curso T\u00e9cnico NR-11<\/p>\n<p class=\"x_elementToProof\">Desej\u00e1vel Curso de Reciclagem<\/p>\n<p><b>Benef\u00edcios:<\/b><br \/>\nVale Refei\u00e7\u00e3o, Vale Alimenta\u00e7\u00e3o, Assist\u00eancia M\u00e9dica, Assist\u00eancia Odontol\u00f3gica, Total Pass, Seguro de Vida, Vale transporte.<\/p>\n<p><b>Outros:<\/b><br \/>\nResidir em S\u00e3o Bernardo do Campo, Regi\u00e3o do ABC.<\/p>\n\n\t\t<\/div>\n\t<\/div>\n<\/div><\/div><div class=\"vc_tta-panel\" id=\"1767786657010-323f1e89-666a\" data-vc-content=\".vc_tta-panel-body\"><div class=\"vc_tta-panel-heading\"><h4 class=\"vc_tta-panel-title vc_tta-controls-icon-position-left\"><a href=\"#1767786657010-323f1e89-666a\" data-vc-accordion data-vc-container=\".vc_tta-container\"><span class=\"vc_tta-title-text\">Auxiliar de Log\u00edstica - matriz Brclog S\u00e3o Bernardo do Campo - SP<\/span><i class=\"vc_tta-controls-icon vc_tta-controls-icon-plus\"><\/i><\/a><\/h4><\/div><div class=\"vc_tta-panel-body\">\n\t<div class=\"wpb_text_column wpb_content_element\" >\n\t\t<div class=\"wpb_wrapper\">\n\t\t\t<p>A Brclog est\u00e1 buscando Auxiliar de Log\u00edstica &#8211; S\u00e3o Bernardo do Campo &#8211; SP<\/p>\n<p>Fa\u00e7a parte do time!<\/p>\n<p><b>Job description:<\/b><\/p>\n<p><span data-olk-copy-source=\"MessageBody\">Realizar a separa\u00e7\u00e3o de materiais. Auxiliar no carregamento, descarga e movimenta\u00e7\u00e3o de materiais. Conferir e classificar os produtos de acordo com informa\u00e7\u00f5es de suas etiquetas, sistema, relat\u00f3rios ou formul\u00e1rios. Paletizar e aplicar filme strech nos paletes. Organizar os produtos no espa\u00e7o f\u00edsico, operando equipamentos de movimenta\u00e7\u00e3o de mercadorias colocando os produtos em porta paletes e prateleiras. Montar embalagens. \u00a0Auxiliar em todo processo log\u00edstico da Empresa<\/span>.<\/p>\n<p class=\"x_elementToProof\"><b>Requirements:<\/b><\/p>\n<p class=\"x_elementToProof\"><span data-olk-copy-source=\"MessageBody\">Ensino M\u00e9dio Completo<\/span><\/p>\n<p class=\"x_elementToProof\">Conhecimento b\u00e1sico em inform\u00e1tica e Pacote Office MS.<\/p>\n<p><b>Benef\u00edcios:<\/b><br \/>\nVale Refei\u00e7\u00e3o, Vale Alimenta\u00e7\u00e3o, Assist\u00eancia M\u00e9dica, Assist\u00eancia Odontol\u00f3gica, Total Pass, Seguro de Vida, Vale transporte.<\/p>\n<p><b>Outros:<\/b><br \/>\nResidir em S\u00e3o Bernardo do Campo, Regi\u00e3o do ABC.<\/p>\n\n\t\t<\/div>\n\t<\/div>\n<\/div><\/div><div class=\"vc_tta-panel\" id=\"1767786998552-28935db6-06e3\" data-vc-content=\".vc_tta-panel-body\"><div class=\"vc_tta-panel-heading\"><h4 class=\"vc_tta-panel-title vc_tta-controls-icon-position-left\"><a href=\"#1767786998552-28935db6-06e3\" data-vc-accordion data-vc-container=\".vc_tta-container\"><span class=\"vc_tta-title-text\">Conferente - matriz Brclog S\u00e3o Bernardo do Campo - SP<\/span><i class=\"vc_tta-controls-icon vc_tta-controls-icon-plus\"><\/i><\/a><\/h4><\/div><div class=\"vc_tta-panel-body\">\n\t<div class=\"wpb_text_column wpb_content_element\" >\n\t\t<div class=\"wpb_wrapper\">\n\t\t\t<p>A Brclog est\u00e1 buscando Conferente &#8211; S\u00e3o Bernardo do Campo &#8211; SP<\/p>\n<p>Fa\u00e7a parte do time!<\/p>\n<p><b>Job description:<\/b><\/p>\n<p><span data-olk-copy-source=\"MessageBody\">Conferir os materiais durante a entrada e sa\u00edda dos produtos. Realizar os lan\u00e7amentos sistemicamente da movimenta\u00e7\u00e3o de baixa em estoque, entrada e sa\u00edda de mercadorias, gerar as etiquetas, consultas e unitiza\u00e7\u00e3o de paletes. Distribuir os produtos a serem expedidos, organizar o almoxarifado para facilitar a movimenta\u00e7\u00e3o dos itens armazenados e a armazenar, preservando o estoque limpo e organizado. Paletizar e aplicar filme strech nos paletes. Realizar a contagem dos invent\u00e1rios<\/span>.<\/p>\n<p class=\"x_elementToProof\"><b>Requirements:<\/b><\/p>\n<p class=\"x_elementToProof\"><span data-olk-copy-source=\"MessageBody\">Ensino M\u00e9dio Completo<\/span><\/p>\n<p class=\"x_elementToProof\">Conhecimento b\u00e1sico em inform\u00e1tica e Pacote Office MS.<\/p>\n<p><b>Benef\u00edcios:<\/b><br \/>\nVale Refei\u00e7\u00e3o, Vale Alimenta\u00e7\u00e3o, Assist\u00eancia M\u00e9dica, Assist\u00eancia Odontol\u00f3gica, Total Pass, Seguro de Vida, Vale transporte.<\/p>\n<p><b>Outros:<\/b><br \/>\nResidir em S\u00e3o Bernardo do Campo, Regi\u00e3o do ABC.<\/p>\n\n\t\t<\/div>\n\t<\/div>\n<\/div><\/div><div class=\"vc_tta-panel\" id=\"1767787310243-7a7c7d25-04f4\" data-vc-content=\".vc_tta-panel-body\"><div class=\"vc_tta-panel-heading\"><h4 class=\"vc_tta-panel-title vc_tta-controls-icon-position-left\"><a href=\"#1767787310243-7a7c7d25-04f4\" data-vc-accordion data-vc-container=\".vc_tta-container\"><span class=\"vc_tta-title-text\">Motorista<\/span><i class=\"vc_tta-controls-icon vc_tta-controls-icon-plus\"><\/i><\/a><\/h4><\/div><div class=\"vc_tta-panel-body\">\n\t<div class=\"wpb_text_column wpb_content_element\" >\n\t\t<div class=\"wpb_wrapper\">\n\t\t\t<p>A Brclog est\u00e1 buscando Motorista &#8211; S\u00e3o Bernardo do Campo &#8211; SP<br \/>\nFa\u00e7a parte do time!<br \/>\nJob description:<br \/>\nTransportar produtos acabados para consumidores finais, centro de distribui\u00e7\u00f5es, hospitais e demais clientes;<br \/>\nInspecionar ve\u00edculos quanto a itens mec\u00e2nicos e de seguran\u00e7a e realizar a manuten\u00e7\u00e3o Preventiva;<br \/>\nPlanejar rotas e cumprir os hor\u00e1rios de carga\/ descargas, coletas e\/ou entregas;<br \/>\nObrigat\u00f3rio:<br \/>\nHabilitado em categoria D;<br \/>\nEnsino fundamental completo;<br \/>\nAo menos 1 ano de experi\u00eancia na fun\u00e7\u00e3o;<br \/>\nConhecimento no percurso da opera\u00e7\u00e3o Regi\u00e3o Metropolitana de S\u00e3o Paulo;<br \/>\nBenef\u00edcios:<br \/>\nVale Refei\u00e7\u00e3o, Vale Alimenta\u00e7\u00e3o, Assist\u00eancia M\u00e9dica, Assist\u00eancia Odontol\u00f3gica, Seguro de Vida, Vale transporte.<br \/>\nDesej\u00e1vel:<br \/>\nMorar pr\u00f3ximo \u00e0 S\u00e3o Bernardo do Campo e Regi\u00e3o do ABC;<br \/>\nFamiliaridade com sistemas de monitoramento de cargas e ve\u00edculos (Sascar).<\/p>\n\n\t\t<\/div>\n\t<\/div>\n\n\t<div class=\"wpb_text_column wpb_content_element\" >\n\t\t<div class=\"wpb_wrapper\">\n\t\t\t<p>A Brclog est\u00e1 buscando Motorista &#8211; S\u00e3o Bernardo do Campo &#8211; SP<br \/>\nFa\u00e7a parte do time!<br \/>\nJob description:<br \/>\nTransportar produtos acabados para consumidores finais, centro de distribui\u00e7\u00f5es, hospitais e demais clientes;<br \/>\nInspecionar ve\u00edculos quanto a itens mec\u00e2nicos e de seguran\u00e7a e realizar a manuten\u00e7\u00e3o Preventiva;<br \/>\nPlanejar rotas e cumprir os hor\u00e1rios de carga\/ descargas, coletas e\/ou entregas;<br \/>\nObrigat\u00f3rio:<br \/>\nHabilitado em categoria D;<br \/>\nEnsino fundamental completo;<br \/>\nAo menos 1 ano de experi\u00eancia na fun\u00e7\u00e3o;<br \/>\nConhecimento no percurso da opera\u00e7\u00e3o Regi\u00e3o Metropolitana de S\u00e3o Paulo;<br \/>\nBenef\u00edcios:<br \/>\nVale Refei\u00e7\u00e3o, Vale Alimenta\u00e7\u00e3o, Assist\u00eancia M\u00e9dica, Assist\u00eancia Odontol\u00f3gica, Seguro de Vida, Vale transporte.<br \/>\nDesej\u00e1vel:<br \/>\nMorar pr\u00f3ximo \u00e0 S\u00e3o Bernardo do Campo e Regi\u00e3o do ABC;<br \/>\nFamiliaridade com sistemas de monitoramento de cargas e ve\u00edculos (Sascar).<\/p>\n\n\t\t<\/div>\n\t<\/div>\n<\/div><\/div><div class=\"vc_tta-panel\" id=\"1775910191944-cc53be73-9575\" data-vc-content=\".vc_tta-panel-body\"><div class=\"vc_tta-panel-heading\"><h4 class=\"vc_tta-panel-title vc_tta-controls-icon-position-left\"><a href=\"#1775910191944-cc53be73-9575\" data-vc-accordion data-vc-container=\".vc_tta-container\"><span class=\"vc_tta-title-text\">PJ - Comercial - Operador Log\u00edstico<\/span><i class=\"vc_tta-controls-icon vc_tta-controls-icon-plus\"><\/i><\/a><\/h4><\/div><div class=\"vc_tta-panel-body\">\n\t<div class=\"wpb_text_column wpb_content_element\" >\n\t\t<div class=\"wpb_wrapper\">\n\t\t\t<p>A Brclog est\u00e1 buscando PJ Comercial &#8211; S\u00e3o Bernardo do Campo &#8211; SP<br \/>\nFa\u00e7a parte do time!<br \/>\nJob description:<\/p>\n<p>Local de atua\u00e7\u00e3o<br \/>\nS\u00e3o Paulo \u2013 Capital e Regi\u00e3o Metropolitana (com atua\u00e7\u00e3o externa)<\/p>\n<p>Principais responsabilidades<br \/>\n* Prospec\u00e7\u00e3o ativa de novos clientes (ind\u00fastrias, distribuidores, e-commerce)<br \/>\n* Abertura de mercado e gera\u00e7\u00e3o de oportunidades comerciais<br \/>\n* Condu\u00e7\u00e3o de reuni\u00f5es presenciais e virtuais<br \/>\n* Levantamento de necessidades e diagn\u00f3stico log\u00edstico<br \/>\n* Elabora\u00e7\u00e3o e apresenta\u00e7\u00e3o de propostas comerciais<br \/>\n* Negocia\u00e7\u00e3o e fechamento de contratos<br \/>\n* Gest\u00e3o de pipeline e CRM<br \/>\n* Interface com \u00e1reas t\u00e9cnica e operacional para constru\u00e7\u00e3o de solu\u00e7\u00f5es<\/p>\n<p>O que buscamos<br \/>\n* Experi\u00eancia s\u00f3lida em vendas B2B (preferencialmente log\u00edstica, transporte ou supply chain)<br \/>\n* Perfil com foco em resultados e abertura de novos neg\u00f3cios<br \/>\n* Viv\u00eancia em prospec\u00e7\u00e3o ativa e negocia\u00e7\u00e3o<br \/>\n* Conhecimento em opera\u00e7\u00f5es log\u00edsticas (armazenagem, transporte, distribui\u00e7\u00e3o)<br \/>\n* Boa comunica\u00e7\u00e3o e habilidade de relacionamento<br \/>\n* Disponibilidade para visitas externas<\/p>\n<p>Differentials<br \/>\n* Experi\u00eancia no segmento hospitalar \/ farmac\u00eautico \/ ind\u00fastria<br \/>\n* Carteira ativa de clientes<br \/>\n* Conhecimento em WMS \/ TMS<br \/>\n* Experi\u00eancia com projetos log\u00edsticos personalizados<\/p>\n<p>O que oferecemos<br \/>\n* Sal\u00e1rio fixo compat\u00edvel com o mercado<br \/>\n* Comiss\u00e3o sobre vendas<br \/>\n* Ajuda de custo \/ reembolso de despesas<br \/>\n* Benef\u00edcios (VR, VA)<\/p>\n\n\t\t<\/div>\n\t<\/div>\n<\/div><\/div><div class=\"vc_tta-panel\" id=\"1774440027903-216895e1-2072\" data-vc-content=\".vc_tta-panel-body\"><div class=\"vc_tta-panel-heading\"><h4 class=\"vc_tta-panel-title vc_tta-controls-icon-position-left\"><a href=\"#1774440027903-216895e1-2072\" data-vc-accordion data-vc-container=\".vc_tta-container\"><span class=\"vc_tta-title-text\">Fa\u00e7a parte do time Brclog!<\/span><i class=\"vc_tta-controls-icon vc_tta-controls-icon-plus\"><\/i><\/a><\/h4><\/div><div class=\"vc_tta-panel-body\">\n\t<div class=\"wpb_text_column wpb_content_element\" >\n\t\t<div class=\"wpb_wrapper\">\n\t\t\t<p>Envie seus dados atrav\u00e9s do formul\u00e1rio abaixo. N\u00e3o esque\u00e7a de anexar seu curr\u00edculo!<\/p>\n\n\t\t<\/div>\n\t<\/div>\n<\/div><\/div><\/div><\/div><\/div><\/div><\/div><\/div><\/div><\/div><\/div><\/div><div class=\"vc_row wpb_row vc_row-fluid vc_custom_1561985937871 vc_row-has-fill\"><div class=\"container\"><div class=\"row\"><div class=\"wpb_column vc_column_container vc_col-sm-12\"><div class=\"vc_column-inner\"><div class=\"wpb_wrapper\"><div role=\"form\" class=\"wpcf7\" id=\"wpcf7-f2338-o1\" lang=\"en-US\" dir=\"ltr\">\n<div class=\"screen-reader-response\" aria-live=\"polite\"><\/div>\n<form action=\"\/en\/wp-json\/wp\/v2\/pages\/2335#wpcf7-f2338-o1\" method=\"post\" class=\"wpcf7-form\" enctype=\"multipart\/form-data\" novalidate=\"novalidate\" data-trp-original-action=\"\/en\/wp-json\/wp\/v2\/pages\/2335#wpcf7-f2338-o1\">\n<div style=\"display: none;\">\n<input type=\"hidden\" name=\"_wpcf7\" value=\"2338\" \/>\n<input type=\"hidden\" name=\"_wpcf7_version\" value=\"5.1.9\" \/>\n<input type=\"hidden\" name=\"_wpcf7_locale\" value=\"en_US\" \/>\n<input type=\"hidden\" name=\"_wpcf7_unit_tag\" value=\"wpcf7-f2338-o1\" \/>\n<input type=\"hidden\" name=\"_wpcf7_container_post\" value=\"0\" \/>\n<input type=\"hidden\" name=\"g-recaptcha-response\" value=\"\" \/>\n<\/div>\n<div class=\"fh-form fh-form-3\">\n<div class=\"row\">\n<div class=\"col-md-6 col-sm-6 col-xs-12\">\n<p class=\"field\"><span class=\"wpcf7-form-control-wrap nome\"><input type=\"text\" name=\"nome\" value=\"\" size=\"40\" class=\"wpcf7-form-control wpcf7-text wpcf7-validates-as-required\" aria-required=\"true\" aria-invalid=\"false\" placeholder=\"Your name*\" \/><\/span><\/p>\n<p class=\"field\"><span class=\"wpcf7-form-control-wrap email\"><input type=\"email\" name=\"email\" value=\"\" size=\"40\" class=\"wpcf7-form-control wpcf7-text wpcf7-email wpcf7-validates-as-required wpcf7-validates-as-email\" aria-required=\"true\" aria-invalid=\"false\" placeholder=\"Email *\" \/><\/span><\/p>\n<p class=\"field\"><span class=\"wpcf7-form-control-wrap telefone\"><input type=\"text\" name=\"telefone\" value=\"\" size=\"40\" class=\"wpcf7-form-control wpcf7-text\" aria-invalid=\"false\" placeholder=\"telephone\" \/><\/span><\/p>\n<p class=\"field\"><span class=\"wpcf7-form-control-wrap assunto\"><input type=\"text\" name=\"assunto\" value=\"\" size=\"40\" class=\"wpcf7-form-control wpcf7-text\" aria-invalid=\"false\" placeholder=\"Subject matter\" \/><\/span><\/p>\n<\/div>\n<div class=\"col-md-6 col-sm-6 col-xs-12\">\n<p class=\"field single-field\"><span class=\"wpcf7-form-control-wrap mensagem\"><textarea name=\"mensagem\" cols=\"40\" rows=\"10\" class=\"wpcf7-form-control wpcf7-textarea\" aria-invalid=\"false\" placeholder=\"Leave your message...\"><\/textarea><\/span><span class=\"wpcf7-form-control-wrap anexo\"><input type=\"file\" name=\"anexo\" size=\"40\" class=\"wpcf7-form-control wpcf7-file\" accept=\".pdf,.doc,.png,.jpg\" aria-invalid=\"false\" \/><\/span><\/p>\n<\/div>\n<p><span class=\"wpcf7-form-control-wrap checkbox-858\"><span class=\"wpcf7-form-control wpcf7-checkbox wpcf7-validates-as-required\"><span class=\"wpcf7-list-item first last\"><input type=\"checkbox\" name=\"checkbox-858[]\" value=\"Autorizo compartilhar minhas informa\u00e7\u00f5es com a BRCLog\" \/><span class=\"wpcf7-list-item-label\">I authorize to share my information with BRCLog<\/span><\/span><\/span><\/span><\/p>\n<div class=\"col-md-12 col-sm-12 col-xs-12\">\n<p class=\"field submit\"><input type=\"submit\" value=\"Submit\" class=\"wpcf7-form-control wpcf7-submit fh-btn\" \/><\/p>\n<\/div><\/div>\n<\/div>\n<div class=\"wpcf7-response-output wpcf7-display-none\" aria-hidden=\"true\"><\/div><input type=\"hidden\" name=\"trp-form-language\" value=\"en\"\/><\/form><\/div><\/div><\/div><\/div><\/div><\/div><\/div><div data-vc-full-width=\"true\" data-vc-full-width-init=\"false\" data-vc-stretch-content=\"true\" class=\"vc_row wpb_row vc_row-fluid mapa vc_row-no-padding\"><div class=\"container-fluid\"><div class=\"row\"><div class=\"wpb_column vc_column_container vc_col-sm-12\"><div class=\"vc_column-inner\"><div class=\"wpb_wrapper\"><div class=\"vc_empty_space\"\n\t  style=\"height: 100px\"><span class=\"vc_empty_space_inner\"><\/span><\/div>\n\n\t<div class=\"wpb_text_column wpb_content_element\" >\n\t\t<div class=\"wpb_wrapper\">\n\t\t\t<p><iframe loading=\"lazy\" style=\"border: 0;\" src=\"https:\/\/www.google.com\/maps\/embed?pb=!1m14!1m8!1m3!1d14605.86492305819!2d-46.587522!3d-23.7664065!3m2!1i1024!2i768!4f13.1!3m3!1m2!1s0x0%3A0x2e64652e08a87af5!2sbrclog!5e0!3m2!1spt-BR!2sbr!4v1561982969241!5m2!1spt-BR!2sbr\" width=\"100%\" height=\"350\" frameborder=\"0\" allowfullscreen=\"allowfullscreen\"><\/iframe><\/p>\n\n\t\t<\/div>\n\t<\/div>\n<\/div><\/div><\/div><\/div><\/div><\/div><div class=\"vc_row-full-width vc_clearfix\"><\/div>","protected":false},"excerpt":{"rendered":"Fa\u00e7a parte do time Brclog! Envie seus dados atrav\u00e9s do formul\u00e1rio abaixo. N\u00e3o&hellip;","protected":false},"author":1,"featured_media":0,"parent":0,"menu_order":0,"comment_status":"closed","ping_status":"closed","template":"template-fullwidth.php","meta":[],"_links":{"self":[{"href":"https:\/\/brclog.com.br\/en\/wp-json\/wp\/v2\/pages\/2335"}],"collection":[{"href":"https:\/\/brclog.com.br\/en\/wp-json\/wp\/v2\/pages"}],"about":[{"href":"https:\/\/brclog.com.br\/en\/wp-json\/wp\/v2\/types\/page"}],"author":[{"embeddable":true,"href":"https:\/\/brclog.com.br\/en\/wp-json\/wp\/v2\/users\/1"}],"replies":[{"embeddable":true,"href":"https:\/\/brclog.com.br\/en\/wp-json\/wp\/v2\/comments?post=2335"}],"version-history":[{"count":67,"href":"https:\/\/brclog.com.br\/en\/wp-json\/wp\/v2\/pages\/2335\/revisions"}],"predecessor-version":[{"id":3922,"href":"https:\/\/brclog.com.br\/en\/wp-json\/wp\/v2\/pages\/2335\/revisions\/3922"}],"wp:attachment":[{"href":"https:\/\/brclog.com.br\/en\/wp-json\/wp\/v2\/media?parent=2335"}],"curies":[{"name":"wp","href":"https:\/\/api.w.org\/{rel}","templated":true}]}}