{"id":2201,"date":"2019-06-26T21:48:14","date_gmt":"2019-06-27T00:48:14","guid":{"rendered":"http:\/\/brclog.com.br\/?page_id=2201"},"modified":"2019-07-08T10:47:49","modified_gmt":"2019-07-08T13:47:49","slug":"diferenciais","status":"publish","type":"page","link":"https:\/\/brclog.com.br\/en\/diferenciais\/","title":{"rendered":"Differentials"},"content":{"rendered":"<div class=\"vc_row wpb_row vc_row-fluid vc_custom_1561660599223\"><div class=\"container\"><div class=\"row\"><div class=\"wpb_column vc_column_container vc_col-sm-6\"><div class=\"vc_column-inner\"><div class=\"wpb_wrapper\"><div class=\"fh-service-box-2 icon-type-theme_icon box-style-1  no-thumb\">\n\t\t\t\t<div class=\"box-thumb\"><\/div>\n\t\t\t\t<div class=\"box-wrapper\">\n\t\t\t\t\t<div class=\"box-header clearfix\"><span class=\"fh-icon\"><i class=\"factory-badge\"><\/i><\/span><h4 class=\"box-title\">Certifications<\/h4><span class=\"sub-title main-color\">We maintain licenses and permits in force, including ANVISA Operation Authorization, Municipal Sanitary License, Technical Regularity Certificates, among others. See on our website.<\/span><\/div>\n\t\t\t\t\t\n\t\t\t\t\t\n\t\t\t\t<\/div>\n\t\t\t<\/div>\n\t<div  class=\"wpb_single_image wpb_content_element vc_align_left\">\n\t\t\n\t\t<figure class=\"wpb_wrapper vc_figure\">\n\t\t\t<div class=\"vc_single_image-wrapper   vc_box_border_grey\"><img width=\"769\" height=\"141\" src=\"https:\/\/brclog.com.br\/wp-content\/uploads\/2019\/07\/certificacoes-brc.png\" class=\"vc_single_image-img attachment-full\" alt=\"\" loading=\"lazy\" srcset=\"https:\/\/brclog.com.br\/wp-content\/uploads\/2019\/07\/certificacoes-brc.png 769w, https:\/\/brclog.com.br\/wp-content\/uploads\/2019\/07\/certificacoes-brc-300x55.png 300w, https:\/\/brclog.com.br\/wp-content\/uploads\/2019\/07\/certificacoes-brc-768x141.png 768w\" sizes=\"(max-width: 769px) 100vw, 769px\" \/><\/div>\n\t\t<\/figure>\n\t<\/div>\n<\/div><\/div><\/div><div class=\"wpb_column vc_column_container vc_col-sm-6\"><div class=\"vc_column-inner\"><div class=\"wpb_wrapper\"><div class=\"fh-service-box-2 icon-type-theme_icon box-style-1  no-thumb\">\n\t\t\t\t<div class=\"box-thumb\"><\/div>\n\t\t\t\t<div class=\"box-wrapper\">\n\t\t\t\t\t<div class=\"box-header clearfix\"><span class=\"fh-icon\"><i class=\"fa fa-line-chart\"><\/i><\/span><h4 class=\"box-title\">Strategic management<\/h4><span class=\"sub-title main-color\">We manage logistics and processes on time with a stable operation Reliable technical staff, trained and committed Personalized service, solutions and conscious choices National performance Good practice manual (Standard Operating Procedure) Continuous Improvement Engineering and Quality Management Organization and technological innovation<\/span><\/div>\n\t\t\t\t\t\n\t\t\t\t\t\n\t\t\t\t<\/div>\n\t\t\t<\/div><\/div><\/div><\/div><\/div><\/div><\/div><div class=\"vc_row wpb_row vc_row-fluid vc_custom_1561660599223\"><div class=\"container\"><div class=\"row\"><div class=\"wpb_column vc_column_container vc_col-sm-6\"><div class=\"vc_column-inner\"><div class=\"wpb_wrapper\"><div class=\"fh-service-box-2 icon-type-theme_icon box-style-1  no-thumb\">\n\t\t\t\t<div class=\"box-thumb\"><\/div>\n\t\t\t\t<div class=\"box-wrapper\">\n\t\t\t\t\t<div class=\"box-header clearfix\"><span class=\"fh-icon\"><i class=\"fa fa-home\"><\/i><\/span><h4 class=\"box-title\">Infrastructure<\/h4><span class=\"sub-title main-color\">Armored concierge with 24-hour security Ceiling height of 12 meters Docks with leveling platform Metal cover with thermal and acoustic insulation face felt Sprinkler system Zenith lighting in prismatic polycarbonate and led Lanternin renovator of natural air Pest and Potability Control of the Water Network Strategic location next to the ring road, close to the port of Santos and the airports of Guarulhos and Cumbica (S\u00e3o Paulo)<\/span><\/div>\n\t\t\t\t\t\n\t\t\t\t\t\n\t\t\t\t<\/div>\n\t\t\t<\/div><div class=\"vc_row wpb_row vc_inner vc_row-fluid\"><div class=\"wpb_column vc_column_container vc_col-sm-12\"><div class=\"vc_column-inner\"><div class=\"wpb_wrapper\">\n\t<div  class=\"wpb_single_image wpb_content_element vc_align_left\">\n\t\t\n\t\t<figure class=\"wpb_wrapper vc_figure\">\n\t\t\t<div class=\"vc_single_image-wrapper   vc_box_border_grey\"><img width=\"3567\" height=\"2614\" src=\"https:\/\/brclog.com.br\/wp-content\/uploads\/2019\/07\/foto06.jpg\" class=\"vc_single_image-img attachment-full\" alt=\"\" loading=\"lazy\" srcset=\"https:\/\/brclog.com.br\/wp-content\/uploads\/2019\/07\/foto06.jpg 3567w, https:\/\/brclog.com.br\/wp-content\/uploads\/2019\/07\/foto06-300x220.jpg 300w, https:\/\/brclog.com.br\/wp-content\/uploads\/2019\/07\/foto06-768x563.jpg 768w, https:\/\/brclog.com.br\/wp-content\/uploads\/2019\/07\/foto06-1024x750.jpg 1024w\" sizes=\"(max-width: 3567px) 100vw, 3567px\" \/><\/div>\n\t\t<\/figure>\n\t<\/div>\n\n\t<div  class=\"wpb_single_image wpb_content_element vc_align_left  vc_custom_1562593596571\">\n\t\t\n\t\t<figure class=\"wpb_wrapper vc_figure\">\n\t\t\t<div class=\"vc_single_image-wrapper   vc_box_border_grey\"><img width=\"4462\" height=\"2830\" src=\"https:\/\/brclog.com.br\/wp-content\/uploads\/2019\/07\/foto02.jpg\" class=\"vc_single_image-img attachment-full\" alt=\"\" loading=\"lazy\" srcset=\"https:\/\/brclog.com.br\/wp-content\/uploads\/2019\/07\/foto02.jpg 4462w, https:\/\/brclog.com.br\/wp-content\/uploads\/2019\/07\/foto02-300x190.jpg 300w, https:\/\/brclog.com.br\/wp-content\/uploads\/2019\/07\/foto02-768x487.jpg 768w, https:\/\/brclog.com.br\/wp-content\/uploads\/2019\/07\/foto02-1024x649.jpg 1024w\" sizes=\"(max-width: 4462px) 100vw, 4462px\" \/><\/div>\n\t\t<\/figure>\n\t<\/div>\n<\/div><\/div><\/div><\/div><div class=\"vc_row wpb_row vc_inner vc_row-fluid\"><div class=\"wpb_column vc_column_container vc_col-sm-12\"><div class=\"vc_column-inner\"><div class=\"wpb_wrapper\">\n\t<div  class=\"wpb_single_image wpb_content_element vc_align_left\">\n\t\t\n\t\t<figure class=\"wpb_wrapper vc_figure\">\n\t\t\t<div class=\"vc_single_image-wrapper   vc_box_border_grey\"><img width=\"4861\" height=\"3087\" src=\"https:\/\/brclog.com.br\/wp-content\/uploads\/2019\/07\/foto03.jpg\" class=\"vc_single_image-img attachment-full\" alt=\"\" loading=\"lazy\" srcset=\"https:\/\/brclog.com.br\/wp-content\/uploads\/2019\/07\/foto03.jpg 4861w, https:\/\/brclog.com.br\/wp-content\/uploads\/2019\/07\/foto03-300x191.jpg 300w, https:\/\/brclog.com.br\/wp-content\/uploads\/2019\/07\/foto03-768x488.jpg 768w, https:\/\/brclog.com.br\/wp-content\/uploads\/2019\/07\/foto03-1024x650.jpg 1024w\" sizes=\"(max-width: 4861px) 100vw, 4861px\" \/><\/div>\n\t\t<\/figure>\n\t<\/div>\n\n\t<div  class=\"wpb_single_image wpb_content_element vc_align_left  vc_custom_1562593605542\">\n\t\t\n\t\t<figure class=\"wpb_wrapper vc_figure\">\n\t\t\t<div class=\"vc_single_image-wrapper   vc_box_border_grey\"><img width=\"4600\" height=\"3077\" src=\"https:\/\/brclog.com.br\/wp-content\/uploads\/2019\/07\/foto04.jpg\" class=\"vc_single_image-img attachment-full\" alt=\"\" loading=\"lazy\" srcset=\"https:\/\/brclog.com.br\/wp-content\/uploads\/2019\/07\/foto04.jpg 4600w, https:\/\/brclog.com.br\/wp-content\/uploads\/2019\/07\/foto04-300x201.jpg 300w, https:\/\/brclog.com.br\/wp-content\/uploads\/2019\/07\/foto04-768x514.jpg 768w, https:\/\/brclog.com.br\/wp-content\/uploads\/2019\/07\/foto04-1024x685.jpg 1024w, https:\/\/brclog.com.br\/wp-content\/uploads\/2019\/07\/foto04-540x360.jpg 540w\" sizes=\"(max-width: 4600px) 100vw, 4600px\" \/><\/div>\n\t\t<\/figure>\n\t<\/div>\n<\/div><\/div><\/div><\/div><div class=\"vc_row wpb_row vc_inner vc_row-fluid\"><div class=\"wpb_column vc_column_container vc_col-sm-12\"><div class=\"vc_column-inner\"><div class=\"wpb_wrapper\">\n\t<div  class=\"wpb_single_image wpb_content_element vc_align_left  vc_custom_1562593665010\">\n\t\t\n\t\t<figure class=\"wpb_wrapper vc_figure\">\n\t\t\t<div class=\"vc_single_image-wrapper   vc_box_border_grey\"><img width=\"4810\" height=\"2991\" src=\"https:\/\/brclog.com.br\/wp-content\/uploads\/2019\/07\/foto05.jpg\" class=\"vc_single_image-img attachment-full\" alt=\"\" loading=\"lazy\" srcset=\"https:\/\/brclog.com.br\/wp-content\/uploads\/2019\/07\/foto05.jpg 4810w, https:\/\/brclog.com.br\/wp-content\/uploads\/2019\/07\/foto05-300x187.jpg 300w, https:\/\/brclog.com.br\/wp-content\/uploads\/2019\/07\/foto05-768x478.jpg 768w, https:\/\/brclog.com.br\/wp-content\/uploads\/2019\/07\/foto05-1024x637.jpg 1024w\" sizes=\"(max-width: 4810px) 100vw, 4810px\" \/><\/div>\n\t\t<\/figure>\n\t<\/div>\n\n\t<div  class=\"wpb_single_image wpb_content_element vc_align_left\">\n\t\t\n\t\t<figure class=\"wpb_wrapper vc_figure\">\n\t\t\t<div class=\"vc_single_image-wrapper   vc_box_border_grey\"><img width=\"3567\" height=\"2614\" src=\"https:\/\/brclog.com.br\/wp-content\/uploads\/2019\/07\/foto06.jpg\" class=\"vc_single_image-img attachment-full\" alt=\"\" loading=\"lazy\" srcset=\"https:\/\/brclog.com.br\/wp-content\/uploads\/2019\/07\/foto06.jpg 3567w, https:\/\/brclog.com.br\/wp-content\/uploads\/2019\/07\/foto06-300x220.jpg 300w, https:\/\/brclog.com.br\/wp-content\/uploads\/2019\/07\/foto06-768x563.jpg 768w, https:\/\/brclog.com.br\/wp-content\/uploads\/2019\/07\/foto06-1024x750.jpg 1024w\" sizes=\"(max-width: 3567px) 100vw, 3567px\" \/><\/div>\n\t\t<\/figure>\n\t<\/div>\n<\/div><\/div><\/div><\/div><\/div><\/div><\/div><div class=\"wpb_column vc_column_container vc_col-sm-6\"><div class=\"vc_column-inner\"><div class=\"wpb_wrapper\"><div class=\"fh-service-box-2 icon-type-theme_icon box-style-1  no-thumb\">\n\t\t\t\t<div class=\"box-thumb\"><\/div>\n\t\t\t\t<div class=\"box-wrapper\">\n\t\t\t\t\t<div class=\"box-header clearfix\"><span class=\"fh-icon\"><i class=\"flaticon-social\"><\/i><\/span><h4 class=\"box-title\">Your Advantages<\/h4><span class=\"sub-title main-color\">Optimization of your space for your end activity, increasing the productivity of your team Correct planning and better negotiation of purchases and replacements with suppliers Total inventory control in real time 24 hour security Reduction of cargo handling, reducing losses due to breakages or handling Elimination loss of validity Guarantee of the physical integrity of the products handled and transported Deliveries at our Distribution Center, relieving the local traffic of your company Responding to your emergencies Increased supply agility, reducing and meeting delivery deadlines Customization of services according to customer needs Improvement in customer service and satisfaction<\/span><\/div>\n\t\t\t\t\t\n\t\t\t\t\t\n\t\t\t\t<\/div>\n\t\t\t<\/div><\/div><\/div><\/div><\/div><\/div><\/div>","protected":false},"excerpt":{"rendered":"Certifica\u00e7\u00f5esMantemos vigentes licen\u00e7as e permiss\u00f5es, incluindo Autoriza\u00e7\u00e3o de Funcionamento ANVISA, Licen\u00e7a Sanit\u00e1ria Municipal,&hellip;","protected":false},"author":1,"featured_media":0,"parent":0,"menu_order":0,"comment_status":"closed","ping_status":"closed","template":"","meta":[],"_links":{"self":[{"href":"https:\/\/brclog.com.br\/en\/wp-json\/wp\/v2\/pages\/2201"}],"collection":[{"href":"https:\/\/brclog.com.br\/en\/wp-json\/wp\/v2\/pages"}],"about":[{"href":"https:\/\/brclog.com.br\/en\/wp-json\/wp\/v2\/types\/page"}],"author":[{"embeddable":true,"href":"https:\/\/brclog.com.br\/en\/wp-json\/wp\/v2\/users\/1"}],"replies":[{"embeddable":true,"href":"https:\/\/brclog.com.br\/en\/wp-json\/wp\/v2\/comments?post=2201"}],"version-history":[{"count":21,"href":"https:\/\/brclog.com.br\/en\/wp-json\/wp\/v2\/pages\/2201\/revisions"}],"predecessor-version":[{"id":2442,"href":"https:\/\/brclog.com.br\/en\/wp-json\/wp\/v2\/pages\/2201\/revisions\/2442"}],"wp:attachment":[{"href":"https:\/\/brclog.com.br\/en\/wp-json\/wp\/v2\/media?parent=2201"}],"curies":[{"name":"wp","href":"https:\/\/api.w.org\/{rel}","templated":true}]}}