{"id":19,"date":"2017-07-25T09:29:18","date_gmt":"2017-07-25T12:29:18","guid":{"rendered":"http:\/\/demo2.steelthemes.com\/cargohub\/?page_id=19"},"modified":"2023-04-24T16:00:35","modified_gmt":"2023-04-24T19:00:35","slug":"fale-conosco","status":"publish","type":"page","link":"https:\/\/brclog.com.br\/en\/fale-conosco\/","title":{"rendered":"Contact"},"content":{"rendered":"<div class=\"vc_row wpb_row vc_row-fluid vc_custom_1561985926385\"><div class=\"container\"><div class=\"row\"><div class=\"wpb_column vc_column_container vc_col-sm-12\"><div class=\"vc_column-inner\"><div class=\"wpb_wrapper\">\n\t<div class=\"wpb_text_column wpb_content_element  vc_custom_1682362814493\" >\n\t\t<div class=\"wpb_wrapper\">\n\t\t\t<p>Use the form below to contact us. It will be a pleasure to receive your message.<\/p>\n<p>Our office hours are Monday to Friday from 8:30 am to 5:30 pm.<\/p>\n<p>Se preferir, fale conosco pelo telefone: +55 (11) 4858-0252 ou por e-mail: contato@brclog.com.br<\/p>\n<p>Para sugest\u00f5es ou reclama\u00e7\u00f5es, envie por e-mail: sac@brclog.com.br<\/p>\n\n\t\t<\/div>\n\t<\/div>\n<\/div><\/div><\/div><\/div><\/div><\/div><div class=\"vc_row wpb_row vc_row-fluid vc_custom_1561985937871 vc_row-has-fill\"><div class=\"container\"><div class=\"row\"><div class=\"wpb_column vc_column_container vc_col-sm-12\"><div class=\"vc_column-inner\"><div class=\"wpb_wrapper\"><div role=\"form\" class=\"wpcf7\" id=\"wpcf7-f1615-o1\" lang=\"en-US\" dir=\"ltr\">\n<div class=\"screen-reader-response\" aria-live=\"polite\"><\/div>\n<form action=\"\/en\/wp-json\/wp\/v2\/pages\/19#wpcf7-f1615-o1\" method=\"post\" class=\"wpcf7-form\" novalidate=\"novalidate\" data-trp-original-action=\"\/en\/wp-json\/wp\/v2\/pages\/19#wpcf7-f1615-o1\">\n<div style=\"display: none;\">\n<input type=\"hidden\" name=\"_wpcf7\" value=\"1615\" \/>\n<input type=\"hidden\" name=\"_wpcf7_version\" value=\"5.1.9\" \/>\n<input type=\"hidden\" name=\"_wpcf7_locale\" value=\"en_US\" \/>\n<input type=\"hidden\" name=\"_wpcf7_unit_tag\" value=\"wpcf7-f1615-o1\" \/>\n<input type=\"hidden\" name=\"_wpcf7_container_post\" value=\"0\" \/>\n<input type=\"hidden\" name=\"g-recaptcha-response\" value=\"\" \/>\n<\/div>\n<div class=\"fh-form fh-form-3\">\n<div class=\"row\">\n<div class=\"col-md-6 col-sm-6 col-xs-12\">\n<p class=\"field\"><span class=\"wpcf7-form-control-wrap nome\"><input type=\"text\" name=\"nome\" value=\"\" size=\"40\" class=\"wpcf7-form-control wpcf7-text wpcf7-validates-as-required\" aria-required=\"true\" aria-invalid=\"false\" placeholder=\"Your name*\" \/><\/span><\/p>\n<p class=\"field\"><span class=\"wpcf7-form-control-wrap email\"><input type=\"email\" name=\"email\" value=\"\" size=\"40\" class=\"wpcf7-form-control wpcf7-text wpcf7-email wpcf7-validates-as-required wpcf7-validates-as-email\" aria-required=\"true\" aria-invalid=\"false\" placeholder=\"Email *\" \/><\/span><\/p>\n<p class=\"field\"><span class=\"wpcf7-form-control-wrap telefone\"><input type=\"text\" name=\"telefone\" value=\"\" size=\"40\" class=\"wpcf7-form-control wpcf7-text\" aria-invalid=\"false\" placeholder=\"telephone\" \/><\/span><\/p>\n<p class=\"field\"><span class=\"wpcf7-form-control-wrap celular\"><input type=\"text\" name=\"celular\" value=\"\" size=\"40\" class=\"wpcf7-form-control wpcf7-text\" aria-invalid=\"false\" placeholder=\"Cell phone\" \/><\/span><\/p>\n<h5 class=\"field\">HOW CAN WE HELP<\/h5>\n<p>      <span class=\"wpcf7-form-control-wrap assunto\"><span class=\"wpcf7-form-control wpcf7-checkbox wpcf7-validates-as-required\"><span class=\"wpcf7-list-item first\"><input type=\"checkbox\" name=\"assunto[]\" value=\"TRANSPORTE\" \/><span class=\"wpcf7-list-item-label\">TRANSPORT<\/span><\/span><span class=\"wpcf7-list-item\"><input type=\"checkbox\" name=\"assunto[]\" value=\"ARMAZENAGEM\" \/><span class=\"wpcf7-list-item-label\">STORAGE<\/span><\/span><span class=\"wpcf7-list-item\"><input type=\"checkbox\" name=\"assunto[]\" value=\"ADEQUA\u00c7\u00c3O DE PRODUTOS\" \/><span class=\"wpcf7-list-item-label\">PRODUCT SUITABILITY<\/span><\/span><span class=\"wpcf7-list-item last\"><input type=\"checkbox\" name=\"assunto[]\" value=\"LOG\u00cdSTICA HOSPITALAR\" \/><span class=\"wpcf7-list-item-label\">HOSPITAL LOGISTICS<\/span><\/span><\/span><\/span><\/p>\n<\/div>\n<div class=\"col-md-6 col-sm-6 col-xs-12\">\n<p class=\"field single-field\"><span class=\"wpcf7-form-control-wrap mensagem\"><textarea name=\"mensagem\" cols=\"40\" rows=\"10\" class=\"wpcf7-form-control wpcf7-textarea\" aria-invalid=\"false\" placeholder=\"Leave your message...\"><\/textarea><\/span><\/p>\n<\/div>\n<div class=\"col-md-12 col-sm-12 col-xs-12\">\n<p class=\"field submit\"><input type=\"submit\" value=\"Submit\" class=\"wpcf7-form-control wpcf7-submit fh-btn\" \/><\/p>\n<\/div><\/div>\n<\/div>\n<div class=\"wpcf7-response-output wpcf7-display-none\" aria-hidden=\"true\"><\/div><input type=\"hidden\" name=\"trp-form-language\" value=\"en\"\/><\/form><\/div><\/div><\/div><\/div><\/div><\/div><\/div><div data-vc-full-width=\"true\" data-vc-full-width-init=\"false\" data-vc-stretch-content=\"true\" class=\"vc_row wpb_row vc_row-fluid mapa vc_row-no-padding\"><div class=\"container-fluid\"><div class=\"row\"><div class=\"wpb_column vc_column_container vc_col-sm-12\"><div class=\"vc_column-inner\"><div class=\"wpb_wrapper\">\n\t<div class=\"wpb_text_column wpb_content_element\" >\n\t\t<div class=\"wpb_wrapper\">\n\t\t\t<p><iframe loading=\"lazy\" style=\"border: 0;\" src=\"https:\/\/www.google.com\/maps\/embed?pb=!1m14!1m8!1m3!1d14605.86492305819!2d-46.587522!3d-23.7664065!3m2!1i1024!2i768!4f13.1!3m3!1m2!1s0x0%3A0x2e64652e08a87af5!2sbrclog!5e0!3m2!1spt-BR!2sbr!4v1561982969241!5m2!1spt-BR!2sbr\" width=\"100%\" height=\"350\" frameborder=\"0\" allowfullscreen=\"allowfullscreen\"><\/iframe><\/p>\n\n\t\t<\/div>\n\t<\/div>\n<\/div><\/div><\/div><\/div><\/div><\/div><div class=\"vc_row-full-width vc_clearfix\"><\/div>","protected":false},"excerpt":{"rendered":"Utilize o formul\u00e1rio abaixo para entrar em contato conosco. Ser\u00e1 um prazer receber&hellip;","protected":false},"author":1,"featured_media":0,"parent":0,"menu_order":0,"comment_status":"closed","ping_status":"closed","template":"template-fullwidth.php","meta":[],"_links":{"self":[{"href":"https:\/\/brclog.com.br\/en\/wp-json\/wp\/v2\/pages\/19"}],"collection":[{"href":"https:\/\/brclog.com.br\/en\/wp-json\/wp\/v2\/pages"}],"about":[{"href":"https:\/\/brclog.com.br\/en\/wp-json\/wp\/v2\/types\/page"}],"author":[{"embeddable":true,"href":"https:\/\/brclog.com.br\/en\/wp-json\/wp\/v2\/users\/1"}],"replies":[{"embeddable":true,"href":"https:\/\/brclog.com.br\/en\/wp-json\/wp\/v2\/comments?post=19"}],"version-history":[{"count":18,"href":"https:\/\/brclog.com.br\/en\/wp-json\/wp\/v2\/pages\/19\/revisions"}],"predecessor-version":[{"id":3777,"href":"https:\/\/brclog.com.br\/en\/wp-json\/wp\/v2\/pages\/19\/revisions\/3777"}],"wp:attachment":[{"href":"https:\/\/brclog.com.br\/en\/wp-json\/wp\/v2\/media?parent=19"}],"curies":[{"name":"wp","href":"https:\/\/api.w.org\/{rel}","templated":true}]}}